{"id":2828,"date":"2025-04-10T19:46:20","date_gmt":"2025-04-10T17:46:20","guid":{"rendered":"https:\/\/amtp.ad\/treballs-forestals-i-de-muntanya\/"},"modified":"2025-08-02T09:14:50","modified_gmt":"2025-08-02T07:14:50","slug":"treballs-forestals-i-de-muntanya","status":"publish","type":"page","link":"https:\/\/amtp.ad\/ca\/els-nostres-serveis\/treballs-forestals-i-de-muntanya\/","title":{"rendered":"Treballs forestals i de muntanya"},"content":{"rendered":"\t\t<div data-elementor-type=\"wp-page\" data-elementor-id=\"2828\" class=\"elementor elementor-2828 elementor-214\" data-elementor-post-type=\"page\">\n\t\t\t\t<div class=\"elementor-element elementor-element-f36f6af e-flex e-con-boxed e-con e-parent\" data-id=\"f36f6af\" data-element_type=\"container\" data-settings=\"{&quot;jet_parallax_layout_list&quot;:[]}\">\n\t\t\t\t\t<div class=\"e-con-inner\">\n\t\t\t\t\t<\/div>\n\t\t\t\t<\/div>\n\t\t<div class=\"elementor-element elementor-element-e8029ef e-flex e-con-boxed e-con e-parent\" data-id=\"e8029ef\" data-element_type=\"container\" data-settings=\"{&quot;jet_parallax_layout_list&quot;:[]}\">\n\t\t\t\t\t<div class=\"e-con-inner\">\n\t\t<div class=\"elementor-element elementor-element-6c6b064 e-con-full e-flex elementor-invisible e-con e-child\" data-id=\"6c6b064\" data-element_type=\"container\" data-settings=\"{&quot;background_background&quot;:&quot;classic&quot;,&quot;animation&quot;:&quot;fadeInUp&quot;,&quot;jet_parallax_layout_list&quot;:[]}\">\n\t\t\t\t<\/div>\n\t\t<div class=\"elementor-element elementor-element-07caa90 e-con-full e-flex e-con e-child\" data-id=\"07caa90\" data-element_type=\"container\" data-settings=\"{&quot;jet_parallax_layout_list&quot;:[]}\">\n\t\t\t\t<div class=\"elementor-element elementor-element-b5197c7 elementor-invisible elementor-widget elementor-widget-text-editor\" data-id=\"b5197c7\" data-element_type=\"widget\" data-settings=\"{&quot;_animation&quot;:&quot;fadeInUp&quot;}\" data-widget_type=\"text-editor.default\">\n\t\t\t\t<div class=\"elementor-widget-container\">\n\t\t\t\t\t\t\t\t\t<p class=\"\" data-start=\"205\" data-end=\"517\"><strong data-start=\"205\" data-end=\"217\">AMTP <\/strong>interv\u00e9 en entorns d&#8217;<strong data-start=\"256\" data-end=\"274\">alta i mitjana altitud<\/strong>, aix\u00ed com en<strong> medi forestal<\/strong>, per realitzar treballs espec\u00edfics gr\u00e0cies a l&#8217;agilitat<strong data-start=\"324\" data-end=\"377\"> i a la polival\u00e8ncia de les pales aranya<\/strong>. Operem per a les <strong data-start=\"401\" data-end=\"420\">estacions d&#8217;esqu\u00ed<\/strong>, els <strong data-start=\"426\" data-end=\"450\">municipis de muntanya<\/strong>, les <strong data-start=\"456\" data-end=\"479\">reserves naturals<\/strong> o b\u00e9 els <strong data-start=\"494\" data-end=\"516\">refugis d&#8217;altitud<\/strong>. <\/p><p class=\"\" data-start=\"519\" data-end=\"737\">El nostre perfecte coneixement del <strong data-start=\"550\" data-end=\"561\">terreny<\/strong> i de les <strong data-start=\"571\" data-end=\"583\">muntanyes<\/strong> \u2013sovint marcades per un <strong data-start=\"610\" data-end=\"629\">fort pendent\u2013<\/strong> ens permet dur a terme treballs <strong data-start=\"672\" data-end=\"686\">de manera eficient<\/strong> , fins i tot en condicions d&#8217;acc\u00e9s molt dif\u00edcils.<\/p><p class=\"\" data-start=\"739\" data-end=\"915\">Apassionats per les activitats de muntanya, integrem una <strong data-start=\"800\" data-end=\"837\">dimensi\u00f3 t\u00e8cnica i est\u00e8tica<\/strong> , per aconseguir assoliments sostenibles que respectin les expectatives dels usuaris.<\/p>\t\t\t\t\t\t\t\t<\/div>\n\t\t\t\t<\/div>\n\t\t<div class=\"elementor-element elementor-element-da0507c e-con-full e-flex e-con e-child\" data-id=\"da0507c\" data-element_type=\"container\" data-settings=\"{&quot;jet_parallax_layout_list&quot;:[]}\">\n\t\t\t\t<div class=\"elementor-element elementor-element-a4d4db9 elementor-invisible elementor-widget elementor-widget-button\" data-id=\"a4d4db9\" data-element_type=\"widget\" data-settings=\"{&quot;_animation&quot;:&quot;fadeInUp&quot;}\" data-widget_type=\"button.default\">\n\t\t\t\t<div class=\"elementor-widget-container\">\n\t\t\t\t\t\t\t\t\t<div class=\"elementor-button-wrapper\">\n\t\t\t\t\t<a class=\"elementor-button elementor-button-link elementor-size-sm elementor-animation-grow\" href=\"https:\/\/amtp.ad\/ca\/contacte\/\">\n\t\t\t\t\t\t<span class=\"elementor-button-content-wrapper\">\n\t\t\t\t\t\t\t\t\t<span class=\"elementor-button-text\">Contacte<\/span>\n\t\t\t\t\t<\/span>\n\t\t\t\t\t<\/a>\n\t\t\t\t<\/div>\n\t\t\t\t\t\t\t\t<\/div>\n\t\t\t\t<\/div>\n\t\t\t\t<div class=\"elementor-element elementor-element-e2f4413 elementor-invisible elementor-widget elementor-widget-button\" data-id=\"e2f4413\" data-element_type=\"widget\" data-settings=\"{&quot;_animation&quot;:&quot;fadeInUp&quot;}\" data-widget_type=\"button.default\">\n\t\t\t\t<div class=\"elementor-widget-container\">\n\t\t\t\t\t\t\t\t\t<div class=\"elementor-button-wrapper\">\n\t\t\t\t\t<a class=\"elementor-button elementor-button-link elementor-size-sm elementor-animation-grow\" href=\"tel:376630049\">\n\t\t\t\t\t\t<span class=\"elementor-button-content-wrapper\">\n\t\t\t\t\t\t\t\t\t<span class=\"elementor-button-text\">+376 630 049<\/span>\n\t\t\t\t\t<\/span>\n\t\t\t\t\t<\/a>\n\t\t\t\t<\/div>\n\t\t\t\t\t\t\t\t<\/div>\n\t\t\t\t<\/div>\n\t\t\t\t<\/div>\n\t\t\t\t<\/div>\n\t\t\t\t\t<\/div>\n\t\t\t\t<\/div>\n\t\t<div class=\"elementor-element elementor-element-45195c2 e-flex e-con-boxed e-con e-parent\" data-id=\"45195c2\" data-element_type=\"container\" data-settings=\"{&quot;motion_fx_motion_fx_scrolling&quot;:&quot;yes&quot;,&quot;motion_fx_opacity_effect&quot;:&quot;yes&quot;,&quot;motion_fx_opacity_range&quot;:{&quot;unit&quot;:&quot;%&quot;,&quot;size&quot;:&quot;&quot;,&quot;sizes&quot;:{&quot;start&quot;:14,&quot;end&quot;:19}},&quot;jet_parallax_layout_list&quot;:[],&quot;motion_fx_opacity_direction&quot;:&quot;out-in&quot;,&quot;motion_fx_opacity_level&quot;:{&quot;unit&quot;:&quot;px&quot;,&quot;size&quot;:10,&quot;sizes&quot;:[]},&quot;motion_fx_devices&quot;:[&quot;desktop&quot;,&quot;tablet&quot;,&quot;mobile&quot;]}\">\n\t\t\t\t\t<div class=\"e-con-inner\">\n\t\t\t\t<div class=\"elementor-element elementor-element-2538f92 elementor-align-center elementor-icon-list--layout-traditional elementor-list-item-link-full_width elementor-invisible elementor-widget elementor-widget-icon-list\" data-id=\"2538f92\" data-element_type=\"widget\" data-settings=\"{&quot;_animation&quot;:&quot;fadeInUp&quot;}\" data-widget_type=\"icon-list.default\">\n\t\t\t\t<div class=\"elementor-widget-container\">\n\t\t\t\t\t\t\t<ul class=\"elementor-icon-list-items\">\n\t\t\t\t\t\t\t<li class=\"elementor-icon-list-item\">\n\t\t\t\t\t\t\t\t\t\t\t<span class=\"elementor-icon-list-icon\">\n\t\t\t\t\t\t\t<svg aria-hidden=\"true\" class=\"e-font-icon-svg e-fas-hard-hat\" viewBox=\"0 0 512 512\" xmlns=\"http:\/\/www.w3.org\/2000\/svg\"><path d=\"M480 288c0-80.25-49.28-148.92-119.19-177.62L320 192V80a16 16 0 0 0-16-16h-96a16 16 0 0 0-16 16v112l-40.81-81.62C81.28 139.08 32 207.75 32 288v64h448zm16 96H16a16 16 0 0 0-16 16v32a16 16 0 0 0 16 16h480a16 16 0 0 0 16-16v-32a16 16 0 0 0-16-16z\"><\/path><\/svg>\t\t\t\t\t\t<\/span>\n\t\t\t\t\t\t\t\t\t\t<span class=\"elementor-icon-list-text\">El soci per als vostres treballs forestals i de muntanya<\/span>\n\t\t\t\t\t\t\t\t\t<\/li>\n\t\t\t\t\t\t<\/ul>\n\t\t\t\t\t\t<\/div>\n\t\t\t\t<\/div>\n\t\t\t\t<div class=\"elementor-element elementor-element-3b2e68b elementor-widget__width-initial elementor-widget elementor-widget-image\" data-id=\"3b2e68b\" data-element_type=\"widget\" data-widget_type=\"image.default\">\n\t\t\t\t<div class=\"elementor-widget-container\">\n\t\t\t\t\t\t\t\t\t\t\t\t\t\t\t<img alt=\"\" fetchpriority=\"high\" decoding=\"async\" width=\"1792\" height=\"1054\" src=\"https:\/\/amtp.ad\/wp-content\/uploads\/2025\/04\/Engins-AMTP-1.png\" class=\"attachment-full size-full wp-image-2110\" alt=\"\" srcset=\"https:\/\/amtp.ad\/wp-content\/uploads\/2025\/04\/Engins-AMTP-1.png 1792w, https:\/\/amtp.ad\/wp-content\/uploads\/2025\/04\/Engins-AMTP-1-300x176.png 300w, https:\/\/amtp.ad\/wp-content\/uploads\/2025\/04\/Engins-AMTP-1-1024x602.png 1024w, https:\/\/amtp.ad\/wp-content\/uploads\/2025\/04\/Engins-AMTP-1-768x452.png 768w, https:\/\/amtp.ad\/wp-content\/uploads\/2025\/04\/Engins-AMTP-1-1536x903.png 1536w\" sizes=\"(max-width: 1792px) 100vw, 1792px\" \/>\t\t\t\t\t\t\t\t\t\t\t\t\t\t\t<\/div>\n\t\t\t\t<\/div>\n\t\t\t\t<div class=\"elementor-element elementor-element-4b0d26a elementor-invisible elementor-widget elementor-widget-heading\" data-id=\"4b0d26a\" data-element_type=\"widget\" data-settings=\"{&quot;_animation&quot;:&quot;fadeInUp&quot;}\" data-widget_type=\"heading.default\">\n\t\t\t\t<div class=\"elementor-widget-container\">\n\t\t\t\t\t<h4 class=\"elementor-heading-title elementor-size-default\">La nostra experi\u00e8ncia en operacions a gran altitud i operacions en zones de dif\u00edcil acc\u00e9s ens permet abordar una varietat de reptes: acc\u00e9s restringit, protecci\u00f3 del medi ambient i seguretat dels usuaris. Oferim solucions t\u00e8cniques fiables en els entorns m\u00e9s exigents. <\/h4>\t\t\t\t<\/div>\n\t\t\t\t<\/div>\n\t\t\t\t<div class=\"elementor-element elementor-element-311bd08 elementor-widget__width-initial elementor-widget elementor-widget-image\" data-id=\"311bd08\" data-element_type=\"widget\" data-settings=\"{&quot;motion_fx_motion_fx_scrolling&quot;:&quot;yes&quot;,&quot;motion_fx_devices&quot;:[&quot;desktop&quot;,&quot;tablet&quot;,&quot;mobile&quot;]}\" data-widget_type=\"image.default\">\n\t\t\t\t<div class=\"elementor-widget-container\">\n\t\t\t\t\t\t\t\t\t\t\t\t\t\t\t<img decoding=\"async\" width=\"1792\" height=\"1054\" src=\"https:\/\/amtp.ad\/wp-content\/uploads\/2025\/04\/Engins-AMTP-1-1.png\" class=\"attachment-full size-full wp-image-2113\" alt=\"Engins AMTP, Pelle Araign\u00e9e\" srcset=\"https:\/\/amtp.ad\/wp-content\/uploads\/2025\/04\/Engins-AMTP-1-1.png 1792w, https:\/\/amtp.ad\/wp-content\/uploads\/2025\/04\/Engins-AMTP-1-1-300x176.png 300w, https:\/\/amtp.ad\/wp-content\/uploads\/2025\/04\/Engins-AMTP-1-1-1024x602.png 1024w, https:\/\/amtp.ad\/wp-content\/uploads\/2025\/04\/Engins-AMTP-1-1-768x452.png 768w, https:\/\/amtp.ad\/wp-content\/uploads\/2025\/04\/Engins-AMTP-1-1-1536x903.png 1536w\" sizes=\"(max-width: 1792px) 100vw, 1792px\" \/>\t\t\t\t\t\t\t\t\t\t\t\t\t\t\t<\/div>\n\t\t\t\t<\/div>\n\t\t\t\t\t<\/div>\n\t\t\t\t<\/div>\n\t\t<div class=\"elementor-element elementor-element-4a8ac70 e-flex e-con-boxed e-con e-parent\" data-id=\"4a8ac70\" data-element_type=\"container\" data-settings=\"{&quot;jet_parallax_layout_list&quot;:[]}\">\n\t\t\t\t\t<div class=\"e-con-inner\">\n\t\t\t\t<div class=\"elementor-element elementor-element-f17e947 elementor-align-center elementor-icon-list--layout-traditional elementor-list-item-link-full_width elementor-invisible elementor-widget elementor-widget-icon-list\" data-id=\"f17e947\" data-element_type=\"widget\" data-settings=\"{&quot;_animation&quot;:&quot;fadeInUp&quot;}\" data-widget_type=\"icon-list.default\">\n\t\t\t\t<div class=\"elementor-widget-container\">\n\t\t\t\t\t\t\t<ul class=\"elementor-icon-list-items\">\n\t\t\t\t\t\t\t<li class=\"elementor-icon-list-item\">\n\t\t\t\t\t\t\t\t\t\t\t<span class=\"elementor-icon-list-icon\">\n\t\t\t\t\t\t\t<svg aria-hidden=\"true\" class=\"e-font-icon-svg e-fas-hard-hat\" viewBox=\"0 0 512 512\" xmlns=\"http:\/\/www.w3.org\/2000\/svg\"><path d=\"M480 288c0-80.25-49.28-148.92-119.19-177.62L320 192V80a16 16 0 0 0-16-16h-96a16 16 0 0 0-16 16v112l-40.81-81.62C81.28 139.08 32 207.75 32 288v64h448zm16 96H16a16 16 0 0 0-16 16v32a16 16 0 0 0 16 16h480a16 16 0 0 0 16-16v-32a16 16 0 0 0-16-16z\"><\/path><\/svg>\t\t\t\t\t\t<\/span>\n\t\t\t\t\t\t\t\t\t\t<span class=\"elementor-icon-list-text\">Els nostres serveis<\/span>\n\t\t\t\t\t\t\t\t\t<\/li>\n\t\t\t\t\t\t<\/ul>\n\t\t\t\t\t\t<\/div>\n\t\t\t\t<\/div>\n\t\t<div class=\"elementor-element elementor-element-b8b0e80 e-con-full e-flex e-con e-child\" data-id=\"b8b0e80\" data-element_type=\"container\" data-settings=\"{&quot;jet_parallax_layout_list&quot;:[]}\">\n\t\t\t\t<div class=\"elementor-element elementor-element-97b547b elementor-widget elementor-widget-jet-listing-grid\" data-id=\"97b547b\" data-element_type=\"widget\" data-settings=\"{&quot;columns&quot;:3,&quot;columns_tablet&quot;:&quot;2&quot;,&quot;columns_mobile&quot;:&quot;1&quot;}\" data-widget_type=\"jet-listing-grid.default\">\n\t\t\t\t<div class=\"elementor-widget-container\">\n\t\t\t\t\t<div class=\"jet-listing-grid jet-listing\"><div class=\"jet-listing-not-found jet-listing-grid__items\" data-nav=\"{&quot;enabled&quot;:true,&quot;type&quot;:&quot;scroll&quot;,&quot;more_el&quot;:null,&quot;query&quot;:{&quot;post_status&quot;:[&quot;publish&quot;],&quot;post_type&quot;:&quot;nos-activites&quot;,&quot;posts_per_page&quot;:&quot;8&quot;,&quot;paged&quot;:&quot;1&quot;,&quot;ignore_sticky_posts&quot;:&quot;1&quot;,&quot;tax_query&quot;:[{&quot;taxonomy&quot;:&quot;categories-activites&quot;,&quot;field&quot;:&quot;name&quot;,&quot;terms&quot;:[&quot;Travaux forestiers et montagne&quot;],&quot;operator&quot;:&quot;IN&quot;}],&quot;suppress_filters&quot;:false,&quot;jet_smart_filters&quot;:&quot;jet-engine\\\/default&quot;,&quot;signature&quot;:&quot;b24c474e7cb6a20bc6554043432db08b6831a9cbe127b570d498c4b475143e53&quot;},&quot;widget_settings&quot;:{&quot;lisitng_id&quot;:541,&quot;posts_num&quot;:8,&quot;columns&quot;:3,&quot;columns_tablet&quot;:2,&quot;columns_mobile&quot;:1,&quot;column_min_width&quot;:240,&quot;column_min_width_tablet&quot;:240,&quot;column_min_width_mobile&quot;:240,&quot;inline_columns_css&quot;:false,&quot;is_archive_template&quot;:&quot;&quot;,&quot;post_status&quot;:[&quot;publish&quot;],&quot;use_random_posts_num&quot;:&quot;&quot;,&quot;max_posts_num&quot;:9,&quot;not_found_message&quot;:&quot;No s&#039;han trobat dades&quot;,&quot;is_masonry&quot;:false,&quot;equal_columns_height&quot;:&quot;yes&quot;,&quot;use_load_more&quot;:&quot;yes&quot;,&quot;load_more_id&quot;:&quot;&quot;,&quot;load_more_type&quot;:&quot;scroll&quot;,&quot;load_more_offset&quot;:{&quot;unit&quot;:&quot;px&quot;,&quot;size&quot;:0,&quot;sizes&quot;:[]},&quot;use_custom_post_types&quot;:&quot;&quot;,&quot;custom_post_types&quot;:[],&quot;hide_widget_if&quot;:&quot;&quot;,&quot;carousel_enabled&quot;:&quot;&quot;,&quot;slides_to_scroll&quot;:&quot;1&quot;,&quot;arrows&quot;:&quot;true&quot;,&quot;arrow_icon&quot;:&quot;fa fa-angle-left&quot;,&quot;dots&quot;:&quot;&quot;,&quot;autoplay&quot;:&quot;true&quot;,&quot;pause_on_hover&quot;:&quot;true&quot;,&quot;autoplay_speed&quot;:5000,&quot;infinite&quot;:&quot;true&quot;,&quot;center_mode&quot;:&quot;&quot;,&quot;effect&quot;:&quot;slide&quot;,&quot;speed&quot;:500,&quot;inject_alternative_items&quot;:&quot;&quot;,&quot;injection_items&quot;:[],&quot;scroll_slider_enabled&quot;:&quot;&quot;,&quot;scroll_slider_on&quot;:[&quot;desktop&quot;,&quot;tablet&quot;,&quot;mobile&quot;],&quot;custom_query&quot;:false,&quot;custom_query_id&quot;:&quot;&quot;,&quot;_element_id&quot;:&quot;&quot;,&quot;collapse_first_last_gap&quot;:false,&quot;list_tag_selection&quot;:&quot;&quot;,&quot;list_items_wrapper_tag&quot;:&quot;div&quot;,&quot;list_item_tag&quot;:&quot;div&quot;,&quot;empty_items_wrapper_tag&quot;:&quot;div&quot;}}\" data-listing-source=\"posts\" data-listing-id=\"541\" data-query-id=\"\" data-queried-id=\"2828|WP_Post\">No s'han trobat dades<\/div><\/div>\t\t\t\t<\/div>\n\t\t\t\t<\/div>\n\t\t\t\t<\/div>\n\t\t\t\t\t<\/div>\n\t\t\t\t<\/div>\n\t\t<div class=\"elementor-element elementor-element-cd3ec0a e-flex e-con-boxed e-con e-parent\" data-id=\"cd3ec0a\" data-element_type=\"container\" data-settings=\"{&quot;jet_parallax_layout_list&quot;:[]}\">\n\t\t\t\t\t<div class=\"e-con-inner\">\n\t\t\t\t<div class=\"elementor-element elementor-element-532adda elementor-widget elementor-widget-template\" data-id=\"532adda\" data-element_type=\"widget\" data-widget_type=\"template.default\">\n\t\t\t\t<div class=\"elementor-widget-container\">\n\t\t\t\t\t\t\t<div class=\"elementor-template\">\n\t\t\t\t\t<div data-elementor-type=\"section\" data-elementor-id=\"2872\" class=\"elementor elementor-2872 elementor-1487\" data-elementor-post-type=\"elementor_library\">\n\t\t\t<div class=\"elementor-element elementor-element-d30170c e-flex e-con-boxed e-con e-parent\" data-id=\"d30170c\" data-element_type=\"container\" data-settings=\"{&quot;jet_parallax_layout_list&quot;:[]}\">\n\t\t\t\t\t<div class=\"e-con-inner\">\n\t\t<div class=\"elementor-element elementor-element-fa52a75 e-flex e-con-boxed e-con e-child\" data-id=\"fa52a75\" data-element_type=\"container\" data-settings=\"{&quot;background_background&quot;:&quot;gradient&quot;,&quot;jet_parallax_layout_list&quot;:[]}\">\n\t\t\t\t\t<div class=\"e-con-inner\">\n\t\t\t\t<div class=\"elementor-element elementor-element-64efe29 elementor-align-center elementor-icon-list--layout-traditional elementor-list-item-link-full_width elementor-invisible elementor-widget elementor-widget-icon-list\" data-id=\"64efe29\" data-element_type=\"widget\" data-settings=\"{&quot;_animation&quot;:&quot;fadeInUp&quot;}\" data-widget_type=\"icon-list.default\">\n\t\t\t\t<div class=\"elementor-widget-container\">\n\t\t\t\t\t\t\t<ul class=\"elementor-icon-list-items\">\n\t\t\t\t\t\t\t<li class=\"elementor-icon-list-item\">\n\t\t\t\t\t\t\t\t\t\t\t<span class=\"elementor-icon-list-icon\">\n\t\t\t\t\t\t\t<svg aria-hidden=\"true\" class=\"e-font-icon-svg e-fas-pen-alt\" viewBox=\"0 0 512 512\" xmlns=\"http:\/\/www.w3.org\/2000\/svg\"><path d=\"M497.94 74.17l-60.11-60.11c-18.75-18.75-49.16-18.75-67.91 0l-56.55 56.55 128.02 128.02 56.55-56.55c18.75-18.75 18.75-49.15 0-67.91zm-246.8-20.53c-15.62-15.62-40.94-15.62-56.56 0L75.8 172.43c-6.25 6.25-6.25 16.38 0 22.62l22.63 22.63c6.25 6.25 16.38 6.25 22.63 0l101.82-101.82 22.63 22.62L93.95 290.03A327.038 327.038 0 0 0 .17 485.11l-.03.23c-1.7 15.28 11.21 28.2 26.49 26.51a327.02 327.02 0 0 0 195.34-93.8l196.79-196.79-82.77-82.77-84.85-84.85z\"><\/path><\/svg>\t\t\t\t\t\t<\/span>\n\t\t\t\t\t\t\t\t\t\t<span class=\"elementor-icon-list-text\">Poseu-vos en contacte<\/span>\n\t\t\t\t\t\t\t\t\t<\/li>\n\t\t\t\t\t\t<\/ul>\n\t\t\t\t\t\t<\/div>\n\t\t\t\t<\/div>\n\t\t<div class=\"elementor-element elementor-element-1185751 e-con-full e-flex e-con e-child\" data-id=\"1185751\" data-element_type=\"container\" data-settings=\"{&quot;jet_parallax_layout_list&quot;:[]}\">\n\t\t\t\t<div class=\"elementor-element elementor-element-3e18d09 elementor-invisible elementor-widget elementor-widget-heading\" data-id=\"3e18d09\" data-element_type=\"widget\" data-settings=\"{&quot;_animation&quot;:&quot;fadeInUp&quot;}\" data-widget_type=\"heading.default\">\n\t\t\t\t<div class=\"elementor-widget-container\">\n\t\t\t\t\t<h2 class=\"elementor-heading-title elementor-size-default\">Tens un projecte<br> o una emerg\u00e8ncia?<\/h2>\t\t\t\t<\/div>\n\t\t\t\t<\/div>\n\t\t\t\t<div class=\"elementor-element elementor-element-3031e56 elementor-widget elementor-widget-image\" data-id=\"3031e56\" data-element_type=\"widget\" data-widget_type=\"image.default\">\n\t\t\t\t<div class=\"elementor-widget-container\">\n\t\t\t\t\t\t\t\t\t\t\t\t\t\t\t<img alt=\"\" decoding=\"async\" width=\"1181\" height=\"894\" src=\"https:\/\/amtp.ad\/wp-content\/uploads\/2025\/04\/urgence2.png\" class=\"attachment-full size-full wp-image-2125\" alt=\"\" srcset=\"https:\/\/amtp.ad\/wp-content\/uploads\/2025\/04\/urgence2.png 1181w, https:\/\/amtp.ad\/wp-content\/uploads\/2025\/04\/urgence2-300x227.png 300w, https:\/\/amtp.ad\/wp-content\/uploads\/2025\/04\/urgence2-1024x775.png 1024w, https:\/\/amtp.ad\/wp-content\/uploads\/2025\/04\/urgence2-768x581.png 768w\" sizes=\"(max-width: 1181px) 100vw, 1181px\" \/>\t\t\t\t\t\t\t\t\t\t\t\t\t\t\t<\/div>\n\t\t\t\t<\/div>\n\t\t\t\t<div class=\"elementor-element elementor-element-2728781 elementor-invisible elementor-widget elementor-widget-image\" data-id=\"2728781\" data-element_type=\"widget\" data-settings=\"{&quot;_animation&quot;:&quot;fadeInUp&quot;}\" data-widget_type=\"image.default\">\n\t\t\t\t<div class=\"elementor-widget-container\">\n\t\t\t\t\t\t\t\t\t\t\t\t\t\t\t<img alt=\"\" loading=\"lazy\" decoding=\"async\" width=\"1920\" height=\"2560\" src=\"https:\/\/amtp.ad\/wp-content\/uploads\/2025\/04\/Paysage-portait-AMTP-Treballs-especials15-scaled.jpg\" class=\"attachment-full size-full wp-image-2068\" alt=\"\" srcset=\"https:\/\/amtp.ad\/wp-content\/uploads\/2025\/04\/Paysage-portait-AMTP-Treballs-especials15-scaled.jpg 1920w, https:\/\/amtp.ad\/wp-content\/uploads\/2025\/04\/Paysage-portait-AMTP-Treballs-especials15-225x300.jpg 225w, https:\/\/amtp.ad\/wp-content\/uploads\/2025\/04\/Paysage-portait-AMTP-Treballs-especials15-768x1024.jpg 768w, https:\/\/amtp.ad\/wp-content\/uploads\/2025\/04\/Paysage-portait-AMTP-Treballs-especials15-1152x1536.jpg 1152w, https:\/\/amtp.ad\/wp-content\/uploads\/2025\/04\/Paysage-portait-AMTP-Treballs-especials15-1536x2048.jpg 1536w\" sizes=\"(max-width: 1920px) 100vw, 1920px\" \/>\t\t\t\t\t\t\t\t\t\t\t\t\t\t\t<\/div>\n\t\t\t\t<\/div>\n\t\t\t\t<\/div>\n\t\t\t\t<div class=\"elementor-element elementor-element-e3ebe5d elementor-align-center elementor-invisible elementor-widget elementor-widget-button\" data-id=\"e3ebe5d\" data-element_type=\"widget\" data-settings=\"{&quot;_animation&quot;:&quot;fadeInUp&quot;}\" data-widget_type=\"button.default\">\n\t\t\t\t<div class=\"elementor-widget-container\">\n\t\t\t\t\t\t\t\t\t<div class=\"elementor-button-wrapper\">\n\t\t\t\t\t<a class=\"elementor-button elementor-button-link elementor-size-sm\" href=\"https:\/\/amtp.ad\/ca\/contacte\/\">\n\t\t\t\t\t\t<span class=\"elementor-button-content-wrapper\">\n\t\t\t\t\t\t\t\t\t<span class=\"elementor-button-text\">Contacte<\/span>\n\t\t\t\t\t<\/span>\n\t\t\t\t\t<\/a>\n\t\t\t\t<\/div>\n\t\t\t\t\t\t\t\t<\/div>\n\t\t\t\t<\/div>\n\t\t\t\t\t<\/div>\n\t\t\t\t<\/div>\n\t\t\t\t\t<\/div>\n\t\t\t\t<\/div>\n\t\t\t\t<\/div>\n\t\t\t\t<\/div>\n\t\t\t\t\t\t<\/div>\n\t\t\t\t<\/div>\n\t\t\t\t\t<\/div>\n\t\t\t\t<\/div>\n\t\t\t\t<\/div>\n\t\t","protected":false},"excerpt":{"rendered":"<p>AMTP interv\u00e9 en entorns d&#8217;alta i mitjana altitud, aix\u00ed com en medi forestal, per realitzar treballs espec\u00edfics gr\u00e0cies a l&#8217;agilitat i a la polival\u00e8ncia de les pales aranya. Operem per a les estacions d&#8217;esqu\u00ed, els municipis de muntanya, les reserves naturals o b\u00e9 els refugis d&#8217;altitud. El nostre perfecte coneixement del terreny i de les [&hellip;]<\/p>\n","protected":false},"author":2,"featured_media":0,"parent":2839,"menu_order":0,"comment_status":"closed","ping_status":"closed","template":"","meta":{"_seopress_robots_primary_cat":"","_seopress_titles_title":"","_seopress_titles_desc":"","_seopress_robots_index":"","footnotes":""},"class_list":["post-2828","page","type-page","status-publish","hentry"],"_links":{"self":[{"href":"https:\/\/amtp.ad\/ca\/wp-json\/wp\/v2\/pages\/2828","targetHints":{"allow":["GET"]}}],"collection":[{"href":"https:\/\/amtp.ad\/ca\/wp-json\/wp\/v2\/pages"}],"about":[{"href":"https:\/\/amtp.ad\/ca\/wp-json\/wp\/v2\/types\/page"}],"author":[{"embeddable":true,"href":"https:\/\/amtp.ad\/ca\/wp-json\/wp\/v2\/users\/2"}],"replies":[{"embeddable":true,"href":"https:\/\/amtp.ad\/ca\/wp-json\/wp\/v2\/comments?post=2828"}],"version-history":[{"count":12,"href":"https:\/\/amtp.ad\/ca\/wp-json\/wp\/v2\/pages\/2828\/revisions"}],"predecessor-version":[{"id":5171,"href":"https:\/\/amtp.ad\/ca\/wp-json\/wp\/v2\/pages\/2828\/revisions\/5171"}],"up":[{"embeddable":true,"href":"https:\/\/amtp.ad\/ca\/wp-json\/wp\/v2\/pages\/2839"}],"wp:attachment":[{"href":"https:\/\/amtp.ad\/ca\/wp-json\/wp\/v2\/media?parent=2828"}],"curies":[{"name":"wp","href":"https:\/\/api.w.org\/{rel}","templated":true}]}}