{"id":4217,"date":"2025-04-11T15:34:55","date_gmt":"2025-04-11T13:34:55","guid":{"rendered":"https:\/\/amtp.ad\/manteniment-del-lloc-web\/"},"modified":"2025-06-11T11:33:35","modified_gmt":"2025-06-11T09:33:35","slug":"manteniment-del-lloc-web","status":"publish","type":"page","link":"https:\/\/amtp.ad\/ca\/manteniment-del-lloc-web\/","title":{"rendered":"MANTENIMENT DEL LLOC WEB"},"content":{"rendered":"\t\t<div data-elementor-type=\"wp-page\" data-elementor-id=\"4217\" class=\"elementor elementor-4217 elementor-362\" data-elementor-post-type=\"page\">\n\t\t\t\t<div class=\"elementor-element elementor-element-5e7ff49 e-flex e-con-boxed e-con e-parent\" data-id=\"5e7ff49\" data-element_type=\"container\" data-settings=\"{&quot;jet_parallax_layout_list&quot;:[]}\">\n\t\t\t\t\t<div class=\"e-con-inner\">\n\t\t\t\t<div class=\"elementor-element elementor-element-653d070 elementor-widget elementor-widget-image\" data-id=\"653d070\" data-element_type=\"widget\" data-widget_type=\"image.default\">\n\t\t\t\t<div class=\"elementor-widget-container\">\n\t\t\t\t\t\t\t\t\t\t\t\t\t\t\t<img fetchpriority=\"high\" decoding=\"async\" width=\"800\" height=\"471\" src=\"https:\/\/amtp.ad\/wp-content\/uploads\/2025\/04\/Logo-AMTP-Noir-rouge-1024x603.png\" class=\"attachment-large size-large wp-image-2008\" alt=\"Logo AMTP Noir rouge\" srcset=\"https:\/\/amtp.ad\/wp-content\/uploads\/2025\/04\/Logo-AMTP-Noir-rouge-1024x603.png 1024w, https:\/\/amtp.ad\/wp-content\/uploads\/2025\/04\/Logo-AMTP-Noir-rouge-300x177.png 300w, https:\/\/amtp.ad\/wp-content\/uploads\/2025\/04\/Logo-AMTP-Noir-rouge-768x452.png 768w, https:\/\/amtp.ad\/wp-content\/uploads\/2025\/04\/Logo-AMTP-Noir-rouge-1536x905.png 1536w, https:\/\/amtp.ad\/wp-content\/uploads\/2025\/04\/Logo-AMTP-Noir-rouge-2048x1206.png 2048w\" sizes=\"(max-width: 800px) 100vw, 800px\" \/>\t\t\t\t\t\t\t\t\t\t\t\t\t\t\t<\/div>\n\t\t\t\t<\/div>\n\t\t\t\t<div class=\"elementor-element elementor-element-59a180b elementor-widget elementor-widget-heading\" data-id=\"59a180b\" data-element_type=\"widget\" data-widget_type=\"heading.default\">\n\t\t\t\t<div class=\"elementor-widget-container\">\n\t\t\t\t\t<span class=\"elementor-heading-title elementor-size-default\">EL LLOC WEB EST\u00c0 EN CONSTRUCCI\u00d3<\/span>\t\t\t\t<\/div>\n\t\t\t\t<\/div>\n\t\t\t\t<div class=\"elementor-element elementor-element-0109c47 elementor-widget elementor-widget-heading\" data-id=\"0109c47\" data-element_type=\"widget\" data-widget_type=\"heading.default\">\n\t\t\t\t<div class=\"elementor-widget-container\">\n\t\t\t\t\t<span class=\"elementor-heading-title elementor-size-default\">S'EST\u00c0 CREANT EL LLOC WEB<\/span>\t\t\t\t<\/div>\n\t\t\t\t<\/div>\n\t\t\t\t\t<\/div>\n\t\t\t\t<\/div>\n\t\t\t\t<\/div>\n\t\t","protected":false},"excerpt":{"rendered":"<p>EL LLOC WEB EST\u00c0 EN CONSTRUCCI\u00d3 S&#8217;EST\u00c0 CREANT EL LLOC WEB<\/p>\n","protected":false},"author":2,"featured_media":0,"parent":0,"menu_order":0,"comment_status":"closed","ping_status":"closed","template":"elementor_canvas","meta":{"_seopress_robots_primary_cat":"","_seopress_titles_title":"","_seopress_titles_desc":"","_seopress_robots_index":"","footnotes":""},"class_list":["post-4217","page","type-page","status-publish","hentry"],"_links":{"self":[{"href":"https:\/\/amtp.ad\/ca\/wp-json\/wp\/v2\/pages\/4217","targetHints":{"allow":["GET"]}}],"collection":[{"href":"https:\/\/amtp.ad\/ca\/wp-json\/wp\/v2\/pages"}],"about":[{"href":"https:\/\/amtp.ad\/ca\/wp-json\/wp\/v2\/types\/page"}],"author":[{"embeddable":true,"href":"https:\/\/amtp.ad\/ca\/wp-json\/wp\/v2\/users\/2"}],"replies":[{"embeddable":true,"href":"https:\/\/amtp.ad\/ca\/wp-json\/wp\/v2\/comments?post=4217"}],"version-history":[{"count":1,"href":"https:\/\/amtp.ad\/ca\/wp-json\/wp\/v2\/pages\/4217\/revisions"}],"predecessor-version":[{"id":4218,"href":"https:\/\/amtp.ad\/ca\/wp-json\/wp\/v2\/pages\/4217\/revisions\/4218"}],"wp:attachment":[{"href":"https:\/\/amtp.ad\/ca\/wp-json\/wp\/v2\/media?parent=4217"}],"curies":[{"name":"wp","href":"https:\/\/api.w.org\/{rel}","templated":true}]}}