{"id":2766,"date":"2025-05-14T08:22:19","date_gmt":"2025-05-14T06:22:19","guid":{"rendered":"https:\/\/amtp.ad\/politica-de-privacidad\/"},"modified":"2025-06-05T18:41:53","modified_gmt":"2025-06-05T16:41:53","slug":"politica-de-privacidad","status":"publish","type":"page","link":"https:\/\/amtp.ad\/es\/politica-de-privacidad\/","title":{"rendered":"Pol\u00edtica de privacidad"},"content":{"rendered":"\t\t<div data-elementor-type=\"wp-page\" data-elementor-id=\"2766\" class=\"elementor elementor-2766 elementor-1663\" data-elementor-post-type=\"page\">\n\t\t\t\t<div class=\"elementor-element elementor-element-c1ffebb e-flex e-con-boxed e-con e-parent\" data-id=\"c1ffebb\" data-element_type=\"container\" data-settings=\"{&quot;jet_parallax_layout_list&quot;:[]}\">\n\t\t\t\t\t<div class=\"e-con-inner\">\n\t\t\t\t<div class=\"elementor-element elementor-element-d1ff603 elementor-widget elementor-widget-heading\" data-id=\"d1ff603\" data-element_type=\"widget\" data-widget_type=\"heading.default\">\n\t\t\t\t<div class=\"elementor-widget-container\">\n\t\t\t\t\t<h1 class=\"elementor-heading-title elementor-size-default\">Pol\u00edtica de privacidad<\/h1>\t\t\t\t<\/div>\n\t\t\t\t<\/div>\n\t\t\t\t<div class=\"elementor-element elementor-element-94b1108 elementor-widget elementor-widget-text-editor\" data-id=\"94b1108\" data-element_type=\"widget\" data-widget_type=\"text-editor.default\">\n\t\t\t\t<div class=\"elementor-widget-container\">\n\t\t\t\t\t\t\t\t\t<h3><strong>Pol\u00edtica de privacidad<\/strong><\/h3><h4>Art\u00edculo 1 Objeto y modificaciones de la pol\u00edtica de privacidad <\/h4><p><strong>Objeto del presente Acuerdo<\/strong><\/p><p>Este sitio concede gran importancia al respeto de su intimidad y, por extensi\u00f3n, al uso de sus datos personales. Por ello, hemos redactado nuestra Pol\u00edtica de Privacidad con un af\u00e1n de claridad y transparencia, situando su consentimiento en el centro de atenci\u00f3n. Somos conscientes de estas cuestiones t\u00e9cnicas, y quedamos a su disposici\u00f3n en caso de que tenga alguna duda.  <\/p><p>En primer lugar, \u00bfqu\u00e9 se entiende por \u201cdatos personales\u201d? La CNIL (www.cnil.fr) define los datos personales como \u201ctoda informaci\u00f3n sobre una persona f\u00edsica identificada o identificable\u201d. Se trata, por tanto, de cualquier informaci\u00f3n que permita identificarle, directa o indirectamente. Por ejemplo, su nombre y apellidos, su n\u00famero de tel\u00e9fono, su contrase\u00f1a&#8230; la lista no es exhaustiva.   <\/p><p>Por lo tanto, nuestra pol\u00edtica de privacidad rige y especifica c\u00f3mo el sitio recopila y utiliza sus datos personales. Tambi\u00e9n tiene por objeto informarle de sus derechos. Esta Pol\u00edtica de Privacidad es una extensi\u00f3n de nuestras Condiciones Generales de Uso, y su cumplimiento es igualmente imperativo. Tambi\u00e9n nos gustar\u00eda recordarle, si a\u00fan no lo ha hecho, que debe leer nuestras Condiciones Generales.   <\/p><p> <\/p><h4><strong>Art\u00edculo 2. Recogida de datos Recogida de datos <\/strong><\/h4><p>Recogemos los datos personales que usted nos proporciona voluntariamente cuando utiliza nuestro sitio web o se pone en contacto con nosotros. Utilizamos esta informaci\u00f3n para responder a sus solicitudes, procesar sus transacciones y mejorar nuestros servicios. <br><br><\/p><p><strong>2.1 \u00bfQu\u00e9 datos personales recogemos?<\/strong><\/p><p>Los datos personales que recogemos incluyen sus apellidos, nombre, direcci\u00f3n de correo electr\u00f3nico, n\u00famero de tel\u00e9fono, direcci\u00f3n postal y cualquier otra informaci\u00f3n que nos facilite voluntariamente. Tambi\u00e9n recogemos informaci\u00f3n sobre el uso de nuestro sitio web, como las p\u00e1ginas que consulta y las acciones que realiza. <br><br><\/p><p><strong>2.2 \u00bfC\u00f3mo utilizamos sus datos personales?<\/strong><\/p><p>Utilizamos sus datos personales para los siguientes fines:<\/p><p>Responder a sus solicitudes y procesar sus transacciones.<br>Mejorar nuestro sitio web y nuestros servicios.<br>Comunicarnos con usted acerca de nuestros servicios y ofertas promocionales.<br>Cumplir con nuestras obligaciones legales.<br><br><\/p><p><strong>2.3 \u00bfC\u00f3mo protegemos sus datos personales?<\/strong><\/p><p>Tomamos las medidas de seguridad adecuadas para proteger sus datos personales contra p\u00e9rdidas, uso indebido, acceso no autorizado, divulgaci\u00f3n o alteraci\u00f3n. Restringimos el acceso a sus datos personales a aquellos empleados que necesitan acceder a ellos para prestar nuestros servicios. <br><br><\/p><p><strong>2.4 \u00bfCon qui\u00e9n compartimos sus datos personales?<\/strong><\/p><p>No compartimos sus datos personales con terceros, excepto cuando lo exige la ley o cuando es necesario para prestar nuestros servicios (por ejemplo, con nuestro proveedor de alojamiento web para garantizar el funcionamiento de nuestro sitio web).<br><br><\/p><p><strong>2.5 \u00bfCu\u00e1nto tiempo conservamos sus datos personales?<\/strong><\/p><p>Conservamos sus datos personales durante el tiempo necesario para prestar nuestros servicios y cumplir con nuestras obligaciones legales.<br><br><\/p><p><strong>2.6 Sus derechos en relaci\u00f3n con sus datos personales<\/strong><\/p><p>Tiene derecho a acceder a sus datos personales, rectificarlos o suprimirlos. Tambi\u00e9n tiene derecho a oponerse a su tratamiento o a solicitar su portabilidad. Para ejercer estos derechos o si tiene alguna pregunta o duda sobre la recogida y uso de sus datos personales, p\u00f3ngase en contacto con nosotros a trav\u00e9s de la p\u00e1gina de contacto.  <br><br><\/p><h4>Art\u00edculo 3 Cambios en nuestra pol\u00edtica de privacidad <\/h4><p>Nos reservamos el derecho a modificar esta pol\u00edtica de privacidad en cualquier momento. Le recomendamos que revise esta pol\u00edtica con regularidad para mantenerse informado sobre nuestras pr\u00e1cticas de privacidad. <br><br><\/p><h3>Pol\u00edtica de cookies<\/h3><p>Nuestro sitio web utiliza cookies para mejorar la experiencia de navegaci\u00f3n de nuestros usuarios. Las cookies son peque\u00f1os archivos de texto que se almacenan en su ordenador o dispositivo m\u00f3vil cuando visita un sitio web. <\/p><h4>Tipos de cookies<\/h4><p><strong>En nuestro sitio web utilizamos dos tipos de cookies.<\/strong><\/p><ul><li>Cookies funcionales: estas cookies son necesarias para que el sitio web funcione y le permitan utilizar sus funciones, como el acceso a p\u00e1ginas seguras.<\/li><li>Cookies de seguimiento: estas cookies se utilizan para recopilar informaci\u00f3n sobre el uso del sitio web por parte de los visitantes, como las p\u00e1ginas visitadas, el tiempo pasado en el sitio y los posibles errores.<\/li><\/ul><div> <\/div><p>Utilizamos esta informaci\u00f3n para mejorar el funcionamiento de nuestro sitio web y conocer las necesidades de nuestros usuarios.<\/p><p> <\/p><p><b>Control de cookies<\/b><\/p><p>Puede optar por aceptar o rechazar el uso de cookies en nuestro sitio web. Si desea rechazar las cookies, puede cambiar la configuraci\u00f3n de su navegador para bloquear todas las cookies o para que se le avise antes de almacenar una cookie en su ordenador o dispositivo m\u00f3vil. Tenga en cuenta, no obstante, que si bloquea las cookies, es posible que algunas funciones de nuestro sitio web no funcionen correctamente.  <\/p><p>Tambi\u00e9n utilizamos cookies de terceros, como proveedores de servicios anal\u00edticos. No tenemos control sobre estas cookies de terceros y le recomendamos que consulte las pol\u00edticas de privacidad de estos terceros para obtener m\u00e1s informaci\u00f3n sobre el uso que hacen de las cookies. <\/p><p> <\/p><h4>Cambios en la pol\u00edtica de cookies<\/h4><p>Nos reservamos el derecho a modificar esta pol\u00edtica de cookies en cualquier momento. Cualquier cambio ser\u00e1 publicado en esta p\u00e1gina con la fecha de la \u00faltima actualizaci\u00f3n. El uso continuado de nuestro sitio web despu\u00e9s de la publicaci\u00f3n de dichos cambios significar\u00e1 que usted acepta la pol\u00edtica de cookies actualizada.  <\/p><h4>Responsable del tratamiento<br><span style=\"font-family: Montserrat, sans-serif; font-size: 18px; font-weight: 500; letter-spacing: normal;\">V\u00e9ase el aviso legal<\/span><\/h4><p>Puede ponerse en contacto con nosotros desde la p\u00e1gina de contacto enviando un formulario de contacto.<\/p><p>Gracias por su confianza e inter\u00e9s en nuestros servicios.<\/p>\t\t\t\t\t\t\t\t<\/div>\n\t\t\t\t<\/div>\n\t\t\t\t\t<\/div>\n\t\t\t\t<\/div>\n\t\t\t\t<\/div>\n\t\t","protected":false},"excerpt":{"rendered":"<p>Pol\u00edtica de privacidad Pol\u00edtica de privacidad Art\u00edculo 1 Objeto y modificaciones de la pol\u00edtica de privacidad Objeto del presente Acuerdo Este sitio concede gran importancia al respeto de su intimidad y, por extensi\u00f3n, al uso de sus datos personales. Por ello, hemos redactado nuestra Pol\u00edtica de Privacidad con un af\u00e1n de claridad y transparencia, situando [&hellip;]<\/p>\n","protected":false},"author":4,"featured_media":0,"parent":0,"menu_order":0,"comment_status":"closed","ping_status":"closed","template":"","meta":{"_seopress_robots_primary_cat":"","_seopress_titles_title":"","_seopress_titles_desc":"","_seopress_robots_index":"","footnotes":""},"class_list":["post-2766","page","type-page","status-publish","hentry"],"_links":{"self":[{"href":"https:\/\/amtp.ad\/es\/wp-json\/wp\/v2\/pages\/2766","targetHints":{"allow":["GET"]}}],"collection":[{"href":"https:\/\/amtp.ad\/es\/wp-json\/wp\/v2\/pages"}],"about":[{"href":"https:\/\/amtp.ad\/es\/wp-json\/wp\/v2\/types\/page"}],"author":[{"embeddable":true,"href":"https:\/\/amtp.ad\/es\/wp-json\/wp\/v2\/users\/4"}],"replies":[{"embeddable":true,"href":"https:\/\/amtp.ad\/es\/wp-json\/wp\/v2\/comments?post=2766"}],"version-history":[{"count":1,"href":"https:\/\/amtp.ad\/es\/wp-json\/wp\/v2\/pages\/2766\/revisions"}],"predecessor-version":[{"id":2768,"href":"https:\/\/amtp.ad\/es\/wp-json\/wp\/v2\/pages\/2766\/revisions\/2768"}],"wp:attachment":[{"href":"https:\/\/amtp.ad\/es\/wp-json\/wp\/v2\/media?parent=2766"}],"curies":[{"name":"wp","href":"https:\/\/api.w.org\/{rel}","templated":true}]}}