{"id":2773,"date":"2025-05-14T08:21:57","date_gmt":"2025-05-14T06:21:57","guid":{"rendered":"https:\/\/amtp.ad\/informacion-juridica\/"},"modified":"2025-07-02T14:46:55","modified_gmt":"2025-07-02T12:46:55","slug":"informacion-juridica","status":"publish","type":"page","link":"https:\/\/amtp.ad\/es\/informacion-juridica\/","title":{"rendered":"Informaci\u00f3n jur\u00eddica"},"content":{"rendered":"\t\t<div data-elementor-type=\"wp-page\" data-elementor-id=\"2773\" class=\"elementor elementor-2773 elementor-1661\" data-elementor-post-type=\"page\">\n\t\t\t\t<div class=\"elementor-element elementor-element-9a11067 e-flex e-con-boxed e-con e-parent\" data-id=\"9a11067\" data-element_type=\"container\" data-settings=\"{&quot;jet_parallax_layout_list&quot;:[]}\">\n\t\t\t\t\t<div class=\"e-con-inner\">\n\t\t\t\t<div class=\"elementor-element elementor-element-10ddffa elementor-widget elementor-widget-heading\" data-id=\"10ddffa\" data-element_type=\"widget\" data-widget_type=\"heading.default\">\n\t\t\t\t<div class=\"elementor-widget-container\">\n\t\t\t\t\t<h1 class=\"elementor-heading-title elementor-size-default\">Informaci\u00f3n jur\u00eddica<\/h1>\t\t\t\t<\/div>\n\t\t\t\t<\/div>\n\t\t\t\t<div class=\"elementor-element elementor-element-5d57cfa elementor-widget elementor-widget-text-editor\" data-id=\"5d57cfa\" data-element_type=\"widget\" data-widget_type=\"text-editor.default\">\n\t\t\t\t<div class=\"elementor-widget-container\">\n\t\t\t\t\t\t\t\t\t<h3 class=\"\" data-start=\"178\" data-end=\"197\">Editor del sitio<\/h3><p class=\"\" data-start=\"199\" data-end=\"273\"><span class=\"relative -mx-px my-[-0.2rem] rounded px-px py-[0.2rem] transition-colors duration-100 ease-in-out\">El sitio web <strong data-start=\"8\" data-end=\"19\">amtp.ad<\/strong> es editado por <strong data-start=\"45\" data-end=\"57\">AMTP SLU<\/strong>, sociedad unipersonal de responsabilidad limitada de derecho andorrano, inscrita en el Registro Mercantil de Andorra.<\/span><\/p><p class=\"\" data-start=\"275\" data-end=\"410\"><strong data-start=\"275\" data-end=\"293\">Domicilio social :<\/strong><br data-start=\"293\" data-end=\"296\"><span class=\"relative -mx-px my-[-0.2rem] rounded px-px py-[0.2rem] transition-colors duration-100 ease-in-out\">Principado de Andorra<\/span><\/p><p class=\"\" data-start=\"412\" data-end=\"511\"><strong data-start=\"412\" data-end=\"432\">Direcci\u00f3n de correo electr\u00f3nico :<\/strong> <span class=\"relative -mx-px my-[-0.2rem] rounded px-px py-[0.2rem] transition-colors duration-100 ease-in-out\"><a href=\"mailto:info@amtp.ad\" data-start=\"0\" data-end=\"12\" data-is-last-node=\"\" data-is-only-node=\"\">info@amtp.ad<\/a><\/span><\/p><p class=\"\" data-start=\"513\" data-end=\"591\"><span class=\"relative -mx-px my-[-0.2rem] rounded px-px py-[0.2rem] transition-colors duration-100 ease-in-out\">El director de la publicaci\u00f3n es <strong data-start=\"35\" data-end=\"54\">Alain Marg\u00e9rard<\/strong>, en su calidad de representante legal de la empresa.<\/span><\/p><h3 class=\"\" data-start=\"593\" data-end=\"630\">Dise\u00f1o y producci\u00f3n de sitios web<\/h3><p class=\"\" data-start=\"632\" data-end=\"710\"><span class=\"relative -mx-px my-[-0.2rem] rounded px-px py-[0.2rem] transition-colors duration-100 ease-in-out\">El sitio ha sido dise\u00f1ado y desarrollado por <strong data-start=\"35\" data-end=\"58\"><a href=\"https:\/\/blue-strat.com\">Dieup&#8217;Art Publicit<\/a>\u00e9<\/strong>, agencia de comunicaci\u00f3n visual con sede en Sallanches, Francia.<\/span><\/p><p class=\"\" data-start=\"712\" data-end=\"890\"><strong data-start=\"712\" data-end=\"725\">Direcci\u00f3n :<\/strong><br data-start=\"725\" data-end=\"728\"><span class=\"relative -mx-px my-[-0.2rem] rounded px-px py-[0.2rem] transition-colors duration-100 ease-in-out\">1584 Avenue Andr\u00e9 Lasquin<\/span><br data-start=\"767\" data-end=\"770\"><span class=\"relative -mx-px my-[-0.2rem] rounded px-px py-[0.2rem] transition-colors duration-100 ease-in-out\">74700 Sallanches<\/span><br data-start=\"809\" data-end=\"812\"><span class=\"relative -mx-px my-[-0.2rem] rounded px-px py-[0.2rem] transition-colors duration-100 ease-in-out\">Francia<\/span><\/p><p class=\"\" data-start=\"892\" data-end=\"1043\"><strong data-start=\"892\" data-end=\"907\">N\u00famero de tel\u00e9fono<\/strong> <span class=\"relative -mx-px my-[-0.2rem] rounded px-px py-[0.2rem] transition-colors duration-100 ease-in-out\">+33 4 50 58 24 40<\/span><br data-start=\"947\" data-end=\"950\"><strong data-start=\"950\" data-end=\"964\">P\u00e1gina web :<\/strong> <span class=\"relative -mx-px my-[-0.2rem] rounded px-px py-[0.2rem] transition-colors duration-100 ease-in-out\"><a href=\"https:\/\/dieupart.fr\" target=\"_new\" rel=\"noopener noreferrer\" data-start=\"0\" data-end=\"42\" data-is-last-node=\"\" data-is-only-node=\"\">https:\/\/dieupart.fr<\/a><\/span><\/p><h3 class=\"\" data-start=\"1045\" data-end=\"1060\">Alojamiento web<\/h3><p class=\"\" data-start=\"1062\" data-end=\"1140\"><span class=\"relative -mx-px my-[-0.2rem] rounded px-px py-[0.2rem] transition-colors duration-100 ease-in-out\">El sitio est\u00e1 alojado por <strong data-start=\"24\" data-end=\"36\">O2SWITCH<\/strong>, sociedad an\u00f3nima con capital de 100.000 euros, inscrita en el RCS de Clermont-Ferrand con el n\u00famero 510 909 807.<\/span><\/p><p class=\"\" data-start=\"1142\" data-end=\"1320\"><strong data-start=\"1142\" data-end=\"1155\">Direcci\u00f3n :<\/strong><br data-start=\"1155\" data-end=\"1158\"><span class=\"relative -mx-px my-[-0.2rem] rounded px-px py-[0.2rem] transition-colors duration-100 ease-in-out\">222-224 Boulevard Gustave Flaubert<\/span><br data-start=\"1197\" data-end=\"1200\"><span class=\"relative -mx-px my-[-0.2rem] rounded px-px py-[0.2rem] transition-colors duration-100 ease-in-out\">63000 Clermont-Ferrand<\/span><br data-start=\"1239\" data-end=\"1242\"><span class=\"relative -mx-px my-[-0.2rem] rounded px-px py-[0.2rem] transition-colors duration-100 ease-in-out\">Francia<\/span><\/p><p class=\"\" data-start=\"1322\" data-end=\"1473\"><strong data-start=\"1322\" data-end=\"1337\">Tel:<\/strong> <span class=\"relative -mx-px my-[-0.2rem] rounded px-px py-[0.2rem] transition-colors duration-100 ease-in-out\">+33 4 44 44 60 40<\/span><br data-start=\"1377\" data-end=\"1380\"><strong data-start=\"1380\" data-end=\"1394\">P\u00e1gina web :<\/strong> <span class=\"relative -mx-px my-[-0.2rem] rounded px-px py-[0.2rem] transition-colors duration-100 ease-in-out\"><a href=\"https:\/\/www.o2switch.fr\" target=\"_new\" rel=\"noopener noreferrer\" data-start=\"0\" data-end=\"50\" data-is-last-node=\"\" data-is-only-node=\"\">https:\/\/www.o2switch.fr<\/a><\/span><\/p><p class=\"\" data-start=\"1322\" data-end=\"1473\"> <\/p><h3 class=\"\" data-start=\"1475\" data-end=\"1503\">Propiedad intelectual<\/h3><p class=\"\" data-start=\"1505\" data-end=\"1583\"><span class=\"relative -mx-px my-[-0.2rem] rounded px-px py-[0.2rem] transition-colors duration-100 ease-in-out\">Todos los contenidos del sitio web <strong data-start=\"45\" data-end=\"56\">amtp.ad<\/strong> (textos, im\u00e1genes, v\u00eddeos, logotipos, etc.) son propiedad exclusiva de <strong data-start=\"125\" data-end=\"137\">AMTP SLU<\/strong>, salvo que se indique lo contrario. Queda terminantemente prohibida la reproducci\u00f3n, distribuci\u00f3n, modificaci\u00f3n o utilizaci\u00f3n de estos contenidos sin autorizaci\u00f3n previa por escrito. <\/span><\/p><h3 class=\"\" data-start=\"1585\" data-end=\"1609\">Datos personales<\/h3><p class=\"\" data-start=\"1611\" data-end=\"1689\"><span class=\"relative -mx-px my-[-0.2rem] rounded px-px py-[0.2rem] transition-colors duration-100 ease-in-out\">De conformidad con el Reglamento General de Protecci\u00f3n de Datos (RGPD) y la Ley francesa de Protecci\u00f3n de Datos (Loi Informatique et Libert\u00e9s), los datos personales recogidos en el sitio web <strong data-start=\"157\" data-end=\"168\">amtp.ad<\/strong> se procesan respetando la privacidad de los usuarios.<\/span><\/p><p class=\"\" data-start=\"1691\" data-end=\"1801\"><strong data-start=\"1691\" data-end=\"1722\">Responsable del tratamiento :<\/strong> <span class=\"relative -mx-px my-[-0.2rem] rounded px-px py-[0.2rem] transition-colors duration-100 ease-in-out\">Alain Marg\u00e9rard<\/span><\/p><p class=\"\" data-start=\"1803\" data-end=\"1911\"><strong data-start=\"1913\" data-end=\"1942\">Derechos del usuario :<\/strong> <span class=\"relative -mx-px my-[-0.2rem] rounded px-px py-[0.2rem] transition-colors duration-100 ease-in-out\">De conformidad con la normativa vigente, tiene derecho a acceder, rectificar, suprimir y oponerse a sus datos personales. Para ejercer estos derechos, p\u00f3ngase en contacto con : <\/span><\/p><p class=\"\" data-start=\"2023\" data-end=\"2143\"><span class=\"relative -mx-px my-[-0.2rem] rounded px-px py-[0.2rem] transition-colors duration-100 ease-in-out\"><strong data-start=\"0\" data-end=\"20\" data-is-only-node=\"\">Direcci\u00f3n de correo electr\u00f3nico :<\/strong> <a href=\"mailto:info@amtp.ad\" data-start=\"21\" data-end=\"33\" data-is-last-node=\"\">info@amtp.ad<\/a><\/span><\/p><p class=\"\" data-start=\"2023\" data-end=\"2143\"><span style=\"font-family: 'Bai Jamjuree', sans-serif; font-size: 48px; font-weight: bold; letter-spacing: -0.72px;\"> <\/span><\/p><p class=\"\" data-start=\"2023\" data-end=\"2143\"><span style=\"font-family: 'Bai Jamjuree', sans-serif; font-size: 48px; font-weight: bold; letter-spacing: -0.72px;\">Cookies<\/span><\/p><p class=\"\" data-start=\"2158\" data-end=\"2236\"><span class=\"relative -mx-px my-[-0.2rem] rounded px-px py-[0.2rem] transition-colors duration-100 ease-in-out\">El sitio web <strong data-start=\"8\" data-end=\"19\">amtp.ad<\/strong> utiliza cookies para mejorar la experiencia del usuario y elaborar estad\u00edsticas de visitas. Al continuar navegando por este sitio, acepta el uso de cookies. <\/span><\/p><p class=\"\" data-start=\"2238\" data-end=\"2316\"><span class=\"relative -mx-px my-[-0.2rem] rounded px-px py-[0.2rem] transition-colors duration-100 ease-in-out\">Puede configurar su navegador para rechazar la instalaci\u00f3n de cookies o para ser informado de su presencia.<\/span><\/p><h3 class=\"\" data-start=\"2318\" data-end=\"2336\">Responsabilidad<\/h3><p class=\"\" data-start=\"2338\" data-end=\"2416\"><span class=\"relative -mx-px my-[-0.2rem] rounded px-px py-[0.2rem] transition-colors duration-100 ease-in-out\"><strong data-start=\"0\" data-end=\"12\" data-is-only-node=\"\">AMTP SLU<\/strong> se esfuerza por ofrecer informaci\u00f3n precisa y actualizada en el sitio web <strong data-start=\"82\" data-end=\"93\">amtp.ad<\/strong>. Sin embargo, la empresa no puede garantizar la exactitud, exhaustividad o actualidad de la informaci\u00f3n proporcionada. En consecuencia, los usuarios reconocen que utilizan esta informaci\u00f3n bajo su exclusiva responsabilidad.  <\/span><\/p>\t\t\t\t\t\t\t\t<\/div>\n\t\t\t\t<\/div>\n\t\t\t\t\t<\/div>\n\t\t\t\t<\/div>\n\t\t\t\t<\/div>\n\t\t","protected":false},"excerpt":{"rendered":"<p>Informaci\u00f3n jur\u00eddica Editor del sitio El sitio web amtp.ad es editado por AMTP SLU, sociedad unipersonal de responsabilidad limitada de derecho andorrano, inscrita en el Registro Mercantil de Andorra. Domicilio social :Principado de Andorra Direcci\u00f3n de correo electr\u00f3nico : info@amtp.ad El director de la publicaci\u00f3n es Alain Marg\u00e9rard, en su calidad de representante legal de [&hellip;]<\/p>\n","protected":false},"author":4,"featured_media":0,"parent":0,"menu_order":0,"comment_status":"closed","ping_status":"closed","template":"","meta":{"_seopress_robots_primary_cat":"","_seopress_titles_title":"","_seopress_titles_desc":"","_seopress_robots_index":"","footnotes":""},"class_list":["post-2773","page","type-page","status-publish","hentry"],"_links":{"self":[{"href":"https:\/\/amtp.ad\/es\/wp-json\/wp\/v2\/pages\/2773","targetHints":{"allow":["GET"]}}],"collection":[{"href":"https:\/\/amtp.ad\/es\/wp-json\/wp\/v2\/pages"}],"about":[{"href":"https:\/\/amtp.ad\/es\/wp-json\/wp\/v2\/types\/page"}],"author":[{"embeddable":true,"href":"https:\/\/amtp.ad\/es\/wp-json\/wp\/v2\/users\/4"}],"replies":[{"embeddable":true,"href":"https:\/\/amtp.ad\/es\/wp-json\/wp\/v2\/comments?post=2773"}],"version-history":[{"count":2,"href":"https:\/\/amtp.ad\/es\/wp-json\/wp\/v2\/pages\/2773\/revisions"}],"predecessor-version":[{"id":4894,"href":"https:\/\/amtp.ad\/es\/wp-json\/wp\/v2\/pages\/2773\/revisions\/4894"}],"wp:attachment":[{"href":"https:\/\/amtp.ad\/es\/wp-json\/wp\/v2\/media?parent=2773"}],"curies":[{"name":"wp","href":"https:\/\/api.w.org\/{rel}","templated":true}]}}