{"id":2785,"date":"2025-04-24T09:06:11","date_gmt":"2025-04-24T07:06:11","guid":{"rendered":"https:\/\/amtp.ad\/trabajos-especiales\/"},"modified":"2025-07-02T14:24:09","modified_gmt":"2025-07-02T12:24:09","slug":"trabajos-especiales","status":"publish","type":"page","link":"https:\/\/amtp.ad\/es\/nuestros-servicios\/trabajos-especiales\/","title":{"rendered":"Trabajos especiales"},"content":{"rendered":"\t\t<div data-elementor-type=\"wp-page\" data-elementor-id=\"2785\" class=\"elementor elementor-2785 elementor-848\" data-elementor-post-type=\"page\">\n\t\t\t\t<div class=\"elementor-element elementor-element-19745e0 e-flex e-con-boxed e-con e-parent\" data-id=\"19745e0\" data-element_type=\"container\" data-settings=\"{&quot;jet_parallax_layout_list&quot;:[]}\">\n\t\t\t\t\t<div class=\"e-con-inner\">\n\t\t\t\t\t<\/div>\n\t\t\t\t<\/div>\n\t\t<div class=\"elementor-element elementor-element-4c61fb1 e-flex e-con-boxed e-con e-parent\" data-id=\"4c61fb1\" data-element_type=\"container\" data-settings=\"{&quot;jet_parallax_layout_list&quot;:[]}\">\n\t\t\t\t\t<div class=\"e-con-inner\">\n\t\t<div class=\"elementor-element elementor-element-4eacb7b e-con-full e-flex elementor-invisible e-con e-child\" data-id=\"4eacb7b\" data-element_type=\"container\" data-settings=\"{&quot;background_background&quot;:&quot;classic&quot;,&quot;animation&quot;:&quot;fadeInUp&quot;,&quot;jet_parallax_layout_list&quot;:[]}\">\n\t\t\t\t<\/div>\n\t\t<div class=\"elementor-element elementor-element-414bc88 e-con-full e-flex e-con e-child\" data-id=\"414bc88\" data-element_type=\"container\" data-settings=\"{&quot;jet_parallax_layout_list&quot;:[]}\">\n\t\t\t\t<div class=\"elementor-element elementor-element-66d6d9a elementor-invisible elementor-widget elementor-widget-text-editor\" data-id=\"66d6d9a\" data-element_type=\"widget\" data-settings=\"{&quot;_animation&quot;:&quot;fadeInUp&quot;}\" data-widget_type=\"text-editor.default\">\n\t\t\t\t<div class=\"elementor-widget-container\">\n\t\t\t\t\t\t\t\t\t<p><strong data-start=\"269\" data-end=\"281\">AMTP<\/strong> trabaja en emplazamientos t\u00e9cnicos y sensibles en entornos naturales o semiurbanos, donde hay que dominar las limitaciones de acceso, seguridad y medio ambiente.<\/p>\n<p><br data-start=\"458\" data-end=\"461\">Gracias a nuestras <strong data-start=\"473\" data-end=\"493\">excavadoras ara\u00f1a<\/strong> y a nuestros equipos especializados, podemos realizar <strong data-start=\"551\" data-end=\"572\">trabajos complejos<\/strong> en las zonas m\u00e1s dif\u00edciles, garantizando al mismo tiempo <strong data-start=\"630\" data-end=\"664\">una precisi\u00f3n de ejecuci\u00f3n \u00f3ptima<\/strong>.<\/p>\t\t\t\t\t\t\t\t<\/div>\n\t\t\t\t<\/div>\n\t\t<div class=\"elementor-element elementor-element-f0dbe8c e-con-full e-flex e-con e-child\" data-id=\"f0dbe8c\" data-element_type=\"container\" data-settings=\"{&quot;jet_parallax_layout_list&quot;:[]}\">\n\t\t\t\t<div class=\"elementor-element elementor-element-d4f7628 elementor-invisible elementor-widget elementor-widget-button\" data-id=\"d4f7628\" data-element_type=\"widget\" data-settings=\"{&quot;_animation&quot;:&quot;fadeInUp&quot;}\" data-widget_type=\"button.default\">\n\t\t\t\t<div class=\"elementor-widget-container\">\n\t\t\t\t\t\t\t\t\t<div class=\"elementor-button-wrapper\">\n\t\t\t\t\t<a class=\"elementor-button elementor-button-link elementor-size-sm elementor-animation-grow\" href=\"https:\/\/amtp.ad\/es\/pongase-en-contacto-con\/\">\n\t\t\t\t\t\t<span class=\"elementor-button-content-wrapper\">\n\t\t\t\t\t\t\t\t\t<span class=\"elementor-button-text\">Cont\u00e1ctanos<\/span>\n\t\t\t\t\t<\/span>\n\t\t\t\t\t<\/a>\n\t\t\t\t<\/div>\n\t\t\t\t\t\t\t\t<\/div>\n\t\t\t\t<\/div>\n\t\t\t\t<div class=\"elementor-element elementor-element-f3ff65a elementor-invisible elementor-widget elementor-widget-button\" data-id=\"f3ff65a\" data-element_type=\"widget\" data-settings=\"{&quot;_animation&quot;:&quot;fadeInUp&quot;}\" data-widget_type=\"button.default\">\n\t\t\t\t<div class=\"elementor-widget-container\">\n\t\t\t\t\t\t\t\t\t<div class=\"elementor-button-wrapper\">\n\t\t\t\t\t<a class=\"elementor-button elementor-button-link elementor-size-sm elementor-animation-grow\" href=\"tel:376630049\">\n\t\t\t\t\t\t<span class=\"elementor-button-content-wrapper\">\n\t\t\t\t\t\t\t\t\t<span class=\"elementor-button-text\">+376 630 049<\/span>\n\t\t\t\t\t<\/span>\n\t\t\t\t\t<\/a>\n\t\t\t\t<\/div>\n\t\t\t\t\t\t\t\t<\/div>\n\t\t\t\t<\/div>\n\t\t\t\t<\/div>\n\t\t\t\t<\/div>\n\t\t\t\t\t<\/div>\n\t\t\t\t<\/div>\n\t\t<div class=\"elementor-element elementor-element-857d193 e-flex e-con-boxed e-con e-parent\" data-id=\"857d193\" data-element_type=\"container\" data-settings=\"{&quot;motion_fx_motion_fx_scrolling&quot;:&quot;yes&quot;,&quot;motion_fx_opacity_effect&quot;:&quot;yes&quot;,&quot;motion_fx_opacity_range&quot;:{&quot;unit&quot;:&quot;%&quot;,&quot;size&quot;:&quot;&quot;,&quot;sizes&quot;:{&quot;start&quot;:14,&quot;end&quot;:19}},&quot;jet_parallax_layout_list&quot;:[],&quot;motion_fx_opacity_direction&quot;:&quot;out-in&quot;,&quot;motion_fx_opacity_level&quot;:{&quot;unit&quot;:&quot;px&quot;,&quot;size&quot;:10,&quot;sizes&quot;:[]},&quot;motion_fx_devices&quot;:[&quot;desktop&quot;,&quot;tablet&quot;,&quot;mobile&quot;]}\">\n\t\t\t\t\t<div class=\"e-con-inner\">\n\t\t\t\t<div class=\"elementor-element elementor-element-9e1375e elementor-align-center elementor-icon-list--layout-traditional elementor-list-item-link-full_width elementor-invisible elementor-widget elementor-widget-icon-list\" data-id=\"9e1375e\" data-element_type=\"widget\" data-settings=\"{&quot;_animation&quot;:&quot;fadeInUp&quot;}\" data-widget_type=\"icon-list.default\">\n\t\t\t\t<div class=\"elementor-widget-container\">\n\t\t\t\t\t\t\t<ul class=\"elementor-icon-list-items\">\n\t\t\t\t\t\t\t<li class=\"elementor-icon-list-item\">\n\t\t\t\t\t\t\t\t\t\t\t<span class=\"elementor-icon-list-icon\">\n\t\t\t\t\t\t\t<svg aria-hidden=\"true\" class=\"e-font-icon-svg e-fas-hard-hat\" viewBox=\"0 0 512 512\" xmlns=\"http:\/\/www.w3.org\/2000\/svg\"><path d=\"M480 288c0-80.25-49.28-148.92-119.19-177.62L320 192V80a16 16 0 0 0-16-16h-96a16 16 0 0 0-16 16v112l-40.81-81.62C81.28 139.08 32 207.75 32 288v64h448zm16 96H16a16 16 0 0 0-16 16v32a16 16 0 0 0 16 16h480a16 16 0 0 0 16-16v-32a16 16 0 0 0-16-16z\"><\/path><\/svg>\t\t\t\t\t\t<\/span>\n\t\t\t\t\t\t\t\t\t\t<span class=\"elementor-icon-list-text\">Su socio para trabajos especiales<\/span>\n\t\t\t\t\t\t\t\t\t<\/li>\n\t\t\t\t\t\t<\/ul>\n\t\t\t\t\t\t<\/div>\n\t\t\t\t<\/div>\n\t\t\t\t<div class=\"elementor-element elementor-element-e9908e6 elementor-widget__width-initial elementor-widget elementor-widget-image\" data-id=\"e9908e6\" data-element_type=\"widget\" data-widget_type=\"image.default\">\n\t\t\t\t<div class=\"elementor-widget-container\">\n\t\t\t\t\t\t\t\t\t\t\t\t\t\t\t<img alt=\"\" fetchpriority=\"high\" decoding=\"async\" width=\"1792\" height=\"1054\" src=\"https:\/\/amtp.ad\/wp-content\/uploads\/2025\/04\/Engins-AMTP-1.png\" class=\"attachment-full size-full wp-image-2112\" alt=\"\" srcset=\"https:\/\/amtp.ad\/wp-content\/uploads\/2025\/04\/Engins-AMTP-1.png 1792w, https:\/\/amtp.ad\/wp-content\/uploads\/2025\/04\/Engins-AMTP-1-300x176.png 300w, https:\/\/amtp.ad\/wp-content\/uploads\/2025\/04\/Engins-AMTP-1-1024x602.png 1024w, https:\/\/amtp.ad\/wp-content\/uploads\/2025\/04\/Engins-AMTP-1-768x452.png 768w, https:\/\/amtp.ad\/wp-content\/uploads\/2025\/04\/Engins-AMTP-1-1536x903.png 1536w\" sizes=\"(max-width: 1792px) 100vw, 1792px\" \/>\t\t\t\t\t\t\t\t\t\t\t\t\t\t\t<\/div>\n\t\t\t\t<\/div>\n\t\t\t\t<div class=\"elementor-element elementor-element-07e3f63 elementor-invisible elementor-widget elementor-widget-heading\" data-id=\"07e3f63\" data-element_type=\"widget\" data-settings=\"{&quot;_animation&quot;:&quot;fadeInUp&quot;}\" data-widget_type=\"heading.default\">\n\t\t\t\t<div class=\"elementor-widget-container\">\n\t\t\t\t\t<h4 class=\"elementor-heading-title elementor-size-default\">Nuestra experiencia en terrenos complejos nos convierte en un socio fiable y \u00e1gil para todos sus proyectos especiales.\nSomos receptivos, aut\u00f3nomos y respetuosos con los ecosistemas, anticip\u00e1ndonos a las limitaciones del lugar para una ejecuci\u00f3n limpia, r\u00e1pida y sostenible.<\/h4>\t\t\t\t<\/div>\n\t\t\t\t<\/div>\n\t\t\t\t<div class=\"elementor-element elementor-element-f6680cd elementor-widget__width-initial elementor-widget elementor-widget-image\" data-id=\"f6680cd\" data-element_type=\"widget\" data-settings=\"{&quot;motion_fx_motion_fx_scrolling&quot;:&quot;yes&quot;,&quot;motion_fx_devices&quot;:[&quot;desktop&quot;,&quot;tablet&quot;,&quot;mobile&quot;]}\" data-widget_type=\"image.default\">\n\t\t\t\t<div class=\"elementor-widget-container\">\n\t\t\t\t\t\t\t\t\t\t\t\t\t\t\t<img decoding=\"async\" width=\"1792\" height=\"1054\" src=\"https:\/\/amtp.ad\/wp-content\/uploads\/2025\/04\/Engins-AMTP-1-1.png\" class=\"attachment-full size-full wp-image-2115\" alt=\"Engins AMTP, Pelle Araign\u00e9e\" srcset=\"https:\/\/amtp.ad\/wp-content\/uploads\/2025\/04\/Engins-AMTP-1-1.png 1792w, https:\/\/amtp.ad\/wp-content\/uploads\/2025\/04\/Engins-AMTP-1-1-300x176.png 300w, https:\/\/amtp.ad\/wp-content\/uploads\/2025\/04\/Engins-AMTP-1-1-1024x602.png 1024w, https:\/\/amtp.ad\/wp-content\/uploads\/2025\/04\/Engins-AMTP-1-1-768x452.png 768w, https:\/\/amtp.ad\/wp-content\/uploads\/2025\/04\/Engins-AMTP-1-1-1536x903.png 1536w\" sizes=\"(max-width: 1792px) 100vw, 1792px\" \/>\t\t\t\t\t\t\t\t\t\t\t\t\t\t\t<\/div>\n\t\t\t\t<\/div>\n\t\t\t\t\t<\/div>\n\t\t\t\t<\/div>\n\t\t<div class=\"elementor-element elementor-element-2c0275b e-flex e-con-boxed e-con e-parent\" data-id=\"2c0275b\" data-element_type=\"container\" data-settings=\"{&quot;jet_parallax_layout_list&quot;:[]}\">\n\t\t\t\t\t<div class=\"e-con-inner\">\n\t\t\t\t<div class=\"elementor-element elementor-element-fd706e2 elementor-align-center elementor-icon-list--layout-traditional elementor-list-item-link-full_width elementor-invisible elementor-widget elementor-widget-icon-list\" data-id=\"fd706e2\" data-element_type=\"widget\" data-settings=\"{&quot;_animation&quot;:&quot;fadeInUp&quot;}\" data-widget_type=\"icon-list.default\">\n\t\t\t\t<div class=\"elementor-widget-container\">\n\t\t\t\t\t\t\t<ul class=\"elementor-icon-list-items\">\n\t\t\t\t\t\t\t<li class=\"elementor-icon-list-item\">\n\t\t\t\t\t\t\t\t\t\t\t<span class=\"elementor-icon-list-icon\">\n\t\t\t\t\t\t\t<svg aria-hidden=\"true\" class=\"e-font-icon-svg e-fas-hard-hat\" viewBox=\"0 0 512 512\" xmlns=\"http:\/\/www.w3.org\/2000\/svg\"><path d=\"M480 288c0-80.25-49.28-148.92-119.19-177.62L320 192V80a16 16 0 0 0-16-16h-96a16 16 0 0 0-16 16v112l-40.81-81.62C81.28 139.08 32 207.75 32 288v64h448zm16 96H16a16 16 0 0 0-16 16v32a16 16 0 0 0 16 16h480a16 16 0 0 0 16-16v-32a16 16 0 0 0-16-16z\"><\/path><\/svg>\t\t\t\t\t\t<\/span>\n\t\t\t\t\t\t\t\t\t\t<span class=\"elementor-icon-list-text\">Nuestros servicios<\/span>\n\t\t\t\t\t\t\t\t\t<\/li>\n\t\t\t\t\t\t<\/ul>\n\t\t\t\t\t\t<\/div>\n\t\t\t\t<\/div>\n\t\t<div class=\"elementor-element elementor-element-5faaa11 e-con-full e-flex e-con e-child\" data-id=\"5faaa11\" data-element_type=\"container\" data-settings=\"{&quot;jet_parallax_layout_list&quot;:[]}\">\n\t\t\t\t<div class=\"elementor-element elementor-element-a83e601 elementor-widget elementor-widget-jet-listing-grid\" data-id=\"a83e601\" data-element_type=\"widget\" data-settings=\"{&quot;columns&quot;:3,&quot;columns_tablet&quot;:&quot;2&quot;,&quot;columns_mobile&quot;:&quot;1&quot;}\" data-widget_type=\"jet-listing-grid.default\">\n\t\t\t\t<div class=\"elementor-widget-container\">\n\t\t\t\t\t<div class=\"jet-listing-grid jet-listing\"><div class=\"jet-listing-not-found jet-listing-grid__items\" data-nav=\"{&quot;enabled&quot;:true,&quot;type&quot;:&quot;scroll&quot;,&quot;more_el&quot;:null,&quot;query&quot;:{&quot;post_status&quot;:[&quot;publish&quot;],&quot;post_type&quot;:&quot;nos-activites&quot;,&quot;posts_per_page&quot;:&quot;8&quot;,&quot;paged&quot;:&quot;1&quot;,&quot;ignore_sticky_posts&quot;:&quot;1&quot;,&quot;tax_query&quot;:[{&quot;taxonomy&quot;:&quot;categories-activites&quot;,&quot;field&quot;:&quot;name&quot;,&quot;terms&quot;:[&quot;Travaux sp\\u00e9ciaux&quot;],&quot;operator&quot;:&quot;IN&quot;}],&quot;suppress_filters&quot;:false,&quot;jet_smart_filters&quot;:&quot;jet-engine\\\/default&quot;,&quot;signature&quot;:&quot;28d0d26eb69f573b2c030efc8f95c6d1821b91de1ff184496513d71ae3a567a8&quot;},&quot;widget_settings&quot;:{&quot;lisitng_id&quot;:541,&quot;posts_num&quot;:8,&quot;columns&quot;:3,&quot;columns_tablet&quot;:2,&quot;columns_mobile&quot;:1,&quot;column_min_width&quot;:240,&quot;column_min_width_tablet&quot;:240,&quot;column_min_width_mobile&quot;:240,&quot;inline_columns_css&quot;:false,&quot;is_archive_template&quot;:&quot;&quot;,&quot;post_status&quot;:[&quot;publish&quot;],&quot;use_random_posts_num&quot;:&quot;&quot;,&quot;max_posts_num&quot;:9,&quot;not_found_message&quot;:&quot;No se han encontrado datos&quot;,&quot;is_masonry&quot;:false,&quot;equal_columns_height&quot;:&quot;yes&quot;,&quot;use_load_more&quot;:&quot;yes&quot;,&quot;load_more_id&quot;:&quot;&quot;,&quot;load_more_type&quot;:&quot;scroll&quot;,&quot;load_more_offset&quot;:{&quot;unit&quot;:&quot;px&quot;,&quot;size&quot;:0,&quot;sizes&quot;:[]},&quot;use_custom_post_types&quot;:&quot;&quot;,&quot;custom_post_types&quot;:[],&quot;hide_widget_if&quot;:&quot;&quot;,&quot;carousel_enabled&quot;:&quot;&quot;,&quot;slides_to_scroll&quot;:&quot;1&quot;,&quot;arrows&quot;:&quot;true&quot;,&quot;arrow_icon&quot;:&quot;fa fa-angle-left&quot;,&quot;dots&quot;:&quot;&quot;,&quot;autoplay&quot;:&quot;true&quot;,&quot;pause_on_hover&quot;:&quot;true&quot;,&quot;autoplay_speed&quot;:5000,&quot;infinite&quot;:&quot;true&quot;,&quot;center_mode&quot;:&quot;&quot;,&quot;effect&quot;:&quot;slide&quot;,&quot;speed&quot;:500,&quot;inject_alternative_items&quot;:&quot;&quot;,&quot;injection_items&quot;:[],&quot;scroll_slider_enabled&quot;:&quot;&quot;,&quot;scroll_slider_on&quot;:[&quot;desktop&quot;,&quot;tablet&quot;,&quot;mobile&quot;],&quot;custom_query&quot;:false,&quot;custom_query_id&quot;:&quot;&quot;,&quot;_element_id&quot;:&quot;&quot;,&quot;collapse_first_last_gap&quot;:false,&quot;list_tag_selection&quot;:&quot;&quot;,&quot;list_items_wrapper_tag&quot;:&quot;div&quot;,&quot;list_item_tag&quot;:&quot;div&quot;,&quot;empty_items_wrapper_tag&quot;:&quot;div&quot;}}\" data-listing-source=\"posts\" data-listing-id=\"541\" data-query-id=\"\" data-queried-id=\"2785|WP_Post\">No se han encontrado datos<\/div><\/div>\t\t\t\t<\/div>\n\t\t\t\t<\/div>\n\t\t\t\t<\/div>\n\t\t\t\t\t<\/div>\n\t\t\t\t<\/div>\n\t\t<div class=\"elementor-element elementor-element-342060e e-flex e-con-boxed e-con e-parent\" data-id=\"342060e\" data-element_type=\"container\" data-settings=\"{&quot;jet_parallax_layout_list&quot;:[]}\">\n\t\t\t\t\t<div class=\"e-con-inner\">\n\t\t\t\t<div class=\"elementor-element elementor-element-c9ceb75 elementor-widget elementor-widget-template\" data-id=\"c9ceb75\" data-element_type=\"widget\" data-widget_type=\"template.default\">\n\t\t\t\t<div class=\"elementor-widget-container\">\n\t\t\t\t\t\t\t<div class=\"elementor-template\">\n\t\t\t\t\t<div data-elementor-type=\"section\" data-elementor-id=\"2869\" class=\"elementor elementor-2869 elementor-1487\" data-elementor-post-type=\"elementor_library\">\n\t\t\t<div class=\"elementor-element elementor-element-d30170c e-flex e-con-boxed e-con e-parent\" data-id=\"d30170c\" data-element_type=\"container\" data-settings=\"{&quot;jet_parallax_layout_list&quot;:[]}\">\n\t\t\t\t\t<div class=\"e-con-inner\">\n\t\t<div class=\"elementor-element elementor-element-fa52a75 e-flex e-con-boxed e-con e-child\" data-id=\"fa52a75\" data-element_type=\"container\" data-settings=\"{&quot;background_background&quot;:&quot;gradient&quot;,&quot;jet_parallax_layout_list&quot;:[]}\">\n\t\t\t\t\t<div class=\"e-con-inner\">\n\t\t\t\t<div class=\"elementor-element elementor-element-64efe29 elementor-align-center elementor-icon-list--layout-traditional elementor-list-item-link-full_width elementor-invisible elementor-widget elementor-widget-icon-list\" data-id=\"64efe29\" data-element_type=\"widget\" data-settings=\"{&quot;_animation&quot;:&quot;fadeInUp&quot;}\" data-widget_type=\"icon-list.default\">\n\t\t\t\t<div class=\"elementor-widget-container\">\n\t\t\t\t\t\t\t<ul class=\"elementor-icon-list-items\">\n\t\t\t\t\t\t\t<li class=\"elementor-icon-list-item\">\n\t\t\t\t\t\t\t\t\t\t\t<span class=\"elementor-icon-list-icon\">\n\t\t\t\t\t\t\t<svg aria-hidden=\"true\" class=\"e-font-icon-svg e-fas-pen-alt\" viewBox=\"0 0 512 512\" xmlns=\"http:\/\/www.w3.org\/2000\/svg\"><path d=\"M497.94 74.17l-60.11-60.11c-18.75-18.75-49.16-18.75-67.91 0l-56.55 56.55 128.02 128.02 56.55-56.55c18.75-18.75 18.75-49.15 0-67.91zm-246.8-20.53c-15.62-15.62-40.94-15.62-56.56 0L75.8 172.43c-6.25 6.25-6.25 16.38 0 22.62l22.63 22.63c6.25 6.25 16.38 6.25 22.63 0l101.82-101.82 22.63 22.62L93.95 290.03A327.038 327.038 0 0 0 .17 485.11l-.03.23c-1.7 15.28 11.21 28.2 26.49 26.51a327.02 327.02 0 0 0 195.34-93.8l196.79-196.79-82.77-82.77-84.85-84.85z\"><\/path><\/svg>\t\t\t\t\t\t<\/span>\n\t\t\t\t\t\t\t\t\t\t<span class=\"elementor-icon-list-text\">P\u00f3ngase en contacto<\/span>\n\t\t\t\t\t\t\t\t\t<\/li>\n\t\t\t\t\t\t<\/ul>\n\t\t\t\t\t\t<\/div>\n\t\t\t\t<\/div>\n\t\t<div class=\"elementor-element elementor-element-1185751 e-con-full e-flex e-con e-child\" data-id=\"1185751\" data-element_type=\"container\" data-settings=\"{&quot;jet_parallax_layout_list&quot;:[]}\">\n\t\t\t\t<div class=\"elementor-element elementor-element-3e18d09 elementor-invisible elementor-widget elementor-widget-heading\" data-id=\"3e18d09\" data-element_type=\"widget\" data-settings=\"{&quot;_animation&quot;:&quot;fadeInUp&quot;}\" data-widget_type=\"heading.default\">\n\t\t\t\t<div class=\"elementor-widget-container\">\n\t\t\t\t\t<h2 class=\"elementor-heading-title elementor-size-default\">\u00bfTiene un proyecto <br>o una urgencia?<\/h2>\t\t\t\t<\/div>\n\t\t\t\t<\/div>\n\t\t\t\t<div class=\"elementor-element elementor-element-3031e56 elementor-widget elementor-widget-image\" data-id=\"3031e56\" data-element_type=\"widget\" data-widget_type=\"image.default\">\n\t\t\t\t<div class=\"elementor-widget-container\">\n\t\t\t\t\t\t\t\t\t\t\t\t\t\t\t<img alt=\"\" decoding=\"async\" width=\"1181\" height=\"894\" src=\"https:\/\/amtp.ad\/wp-content\/uploads\/2025\/04\/urgence2.png\" class=\"attachment-full size-full wp-image-2127\" alt=\"\" srcset=\"https:\/\/amtp.ad\/wp-content\/uploads\/2025\/04\/urgence2.png 1181w, https:\/\/amtp.ad\/wp-content\/uploads\/2025\/04\/urgence2-300x227.png 300w, https:\/\/amtp.ad\/wp-content\/uploads\/2025\/04\/urgence2-1024x775.png 1024w, https:\/\/amtp.ad\/wp-content\/uploads\/2025\/04\/urgence2-768x581.png 768w\" sizes=\"(max-width: 1181px) 100vw, 1181px\" \/>\t\t\t\t\t\t\t\t\t\t\t\t\t\t\t<\/div>\n\t\t\t\t<\/div>\n\t\t\t\t<div class=\"elementor-element elementor-element-2728781 elementor-invisible elementor-widget elementor-widget-image\" data-id=\"2728781\" data-element_type=\"widget\" data-settings=\"{&quot;_animation&quot;:&quot;fadeInUp&quot;}\" data-widget_type=\"image.default\">\n\t\t\t\t<div class=\"elementor-widget-container\">\n\t\t\t\t\t\t\t\t\t\t\t\t\t\t\t<img alt=\"\" loading=\"lazy\" decoding=\"async\" width=\"1920\" height=\"2560\" src=\"https:\/\/amtp.ad\/wp-content\/uploads\/2025\/04\/Paysage-portait-AMTP-Treballs-especials15-scaled.jpg\" class=\"attachment-full size-full wp-image-2070\" alt=\"\" srcset=\"https:\/\/amtp.ad\/wp-content\/uploads\/2025\/04\/Paysage-portait-AMTP-Treballs-especials15-scaled.jpg 1920w, https:\/\/amtp.ad\/wp-content\/uploads\/2025\/04\/Paysage-portait-AMTP-Treballs-especials15-225x300.jpg 225w, https:\/\/amtp.ad\/wp-content\/uploads\/2025\/04\/Paysage-portait-AMTP-Treballs-especials15-768x1024.jpg 768w, https:\/\/amtp.ad\/wp-content\/uploads\/2025\/04\/Paysage-portait-AMTP-Treballs-especials15-1152x1536.jpg 1152w, https:\/\/amtp.ad\/wp-content\/uploads\/2025\/04\/Paysage-portait-AMTP-Treballs-especials15-1536x2048.jpg 1536w\" sizes=\"(max-width: 1920px) 100vw, 1920px\" \/>\t\t\t\t\t\t\t\t\t\t\t\t\t\t\t<\/div>\n\t\t\t\t<\/div>\n\t\t\t\t<\/div>\n\t\t\t\t<div class=\"elementor-element elementor-element-e3ebe5d elementor-align-center elementor-invisible elementor-widget elementor-widget-button\" data-id=\"e3ebe5d\" data-element_type=\"widget\" data-settings=\"{&quot;_animation&quot;:&quot;fadeInUp&quot;}\" data-widget_type=\"button.default\">\n\t\t\t\t<div class=\"elementor-widget-container\">\n\t\t\t\t\t\t\t\t\t<div class=\"elementor-button-wrapper\">\n\t\t\t\t\t<a class=\"elementor-button elementor-button-link elementor-size-sm\" href=\"https:\/\/amtp.ad\/es\/pongase-en-contacto-con\/\">\n\t\t\t\t\t\t<span class=\"elementor-button-content-wrapper\">\n\t\t\t\t\t\t\t\t\t<span class=\"elementor-button-text\">Cont\u00e1ctanos<\/span>\n\t\t\t\t\t<\/span>\n\t\t\t\t\t<\/a>\n\t\t\t\t<\/div>\n\t\t\t\t\t\t\t\t<\/div>\n\t\t\t\t<\/div>\n\t\t\t\t\t<\/div>\n\t\t\t\t<\/div>\n\t\t\t\t\t<\/div>\n\t\t\t\t<\/div>\n\t\t\t\t<\/div>\n\t\t\t\t<\/div>\n\t\t\t\t\t\t<\/div>\n\t\t\t\t<\/div>\n\t\t\t\t\t<\/div>\n\t\t\t\t<\/div>\n\t\t\t\t<\/div>\n\t\t","protected":false},"excerpt":{"rendered":"<p>AMTP trabaja en emplazamientos t\u00e9cnicos y sensibles en entornos naturales o semiurbanos, donde hay que dominar las limitaciones de acceso, seguridad y medio ambiente. Gracias a nuestras excavadoras ara\u00f1a y a nuestros equipos especializados, podemos realizar trabajos complejos en las zonas m\u00e1s dif\u00edciles, garantizando al mismo tiempo una precisi\u00f3n de ejecuci\u00f3n \u00f3ptima. Cont\u00e1ctanos +376 630 [&hellip;]<\/p>\n","protected":false},"author":2,"featured_media":0,"parent":2830,"menu_order":0,"comment_status":"closed","ping_status":"closed","template":"","meta":{"_seopress_robots_primary_cat":"","_seopress_titles_title":"","_seopress_titles_desc":"","_seopress_robots_index":"","footnotes":""},"class_list":["post-2785","page","type-page","status-publish","hentry"],"_links":{"self":[{"href":"https:\/\/amtp.ad\/es\/wp-json\/wp\/v2\/pages\/2785","targetHints":{"allow":["GET"]}}],"collection":[{"href":"https:\/\/amtp.ad\/es\/wp-json\/wp\/v2\/pages"}],"about":[{"href":"https:\/\/amtp.ad\/es\/wp-json\/wp\/v2\/types\/page"}],"author":[{"embeddable":true,"href":"https:\/\/amtp.ad\/es\/wp-json\/wp\/v2\/users\/2"}],"replies":[{"embeddable":true,"href":"https:\/\/amtp.ad\/es\/wp-json\/wp\/v2\/comments?post=2785"}],"version-history":[{"count":7,"href":"https:\/\/amtp.ad\/es\/wp-json\/wp\/v2\/pages\/2785\/revisions"}],"predecessor-version":[{"id":4792,"href":"https:\/\/amtp.ad\/es\/wp-json\/wp\/v2\/pages\/2785\/revisions\/4792"}],"up":[{"embeddable":true,"href":"https:\/\/amtp.ad\/es\/wp-json\/wp\/v2\/pages\/2830"}],"wp:attachment":[{"href":"https:\/\/amtp.ad\/es\/wp-json\/wp\/v2\/media?parent=2785"}],"curies":[{"name":"wp","href":"https:\/\/api.w.org\/{rel}","templated":true}]}}