{"id":2805,"date":"2025-04-10T19:48:16","date_gmt":"2025-04-10T17:48:16","guid":{"rendered":"https:\/\/amtp.ad\/trabajos-de-seguridad\/"},"modified":"2025-07-15T13:39:22","modified_gmt":"2025-07-15T11:39:22","slug":"trabajos-de-seguridad","status":"publish","type":"page","link":"https:\/\/amtp.ad\/es\/nuestros-servicios\/trabajos-de-seguridad\/","title":{"rendered":"Trabajos de seguridad"},"content":{"rendered":"\t\t<div data-elementor-type=\"wp-page\" data-elementor-id=\"2805\" class=\"elementor elementor-2805 elementor-225\" data-elementor-post-type=\"page\">\n\t\t\t\t<div class=\"elementor-element elementor-element-f23aa89 e-flex e-con-boxed e-con e-parent\" data-id=\"f23aa89\" data-element_type=\"container\" data-settings=\"{&quot;jet_parallax_layout_list&quot;:[]}\">\n\t\t\t\t\t<div class=\"e-con-inner\">\n\t\t\t\t\t<\/div>\n\t\t\t\t<\/div>\n\t\t<div class=\"elementor-element elementor-element-09096e3 e-flex e-con-boxed e-con e-parent\" data-id=\"09096e3\" data-element_type=\"container\" data-settings=\"{&quot;jet_parallax_layout_list&quot;:[]}\">\n\t\t\t\t\t<div class=\"e-con-inner\">\n\t\t<div class=\"elementor-element elementor-element-89328bf e-con-full e-flex elementor-invisible e-con e-child\" data-id=\"89328bf\" data-element_type=\"container\" data-settings=\"{&quot;background_background&quot;:&quot;classic&quot;,&quot;animation&quot;:&quot;fadeInUp&quot;,&quot;jet_parallax_layout_list&quot;:[]}\">\n\t\t\t\t<\/div>\n\t\t<div class=\"elementor-element elementor-element-939ce42 e-con-full e-flex e-con e-child\" data-id=\"939ce42\" data-element_type=\"container\" data-settings=\"{&quot;jet_parallax_layout_list&quot;:[]}\">\n\t\t\t\t<div class=\"elementor-element elementor-element-5352d9f elementor-invisible elementor-widget elementor-widget-text-editor\" data-id=\"5352d9f\" data-element_type=\"widget\" data-settings=\"{&quot;_animation&quot;:&quot;fadeInUp&quot;}\" data-widget_type=\"text-editor.default\">\n\t\t\t\t<div class=\"elementor-widget-container\">\n\t\t\t\t\t\t\t\t\t<p class=\"\" data-start=\"212\" data-end=\"386\">Las <strong data-start=\"216\" data-end=\"236\">excavadoras ara\u00f1a<\/strong>, asociadas al <strong data-start=\"251\" data-end=\"278\">saber hacer de nuestro equipo<\/strong>, permiten asegurar eficazmente zonas sensibles, incluso en los entornos m\u00e1s complejos.<\/p><p class=\"\" data-start=\"388\" data-end=\"705\">Ya sea en <strong data-start=\"403\" data-end=\"415\">canteras<\/strong>, en <strong data-start=\"420\" data-end=\"440\">bordes de carreteras<\/strong>, en <strong data-start=\"450\" data-end=\"459\">taludes<\/strong>, a lo largo de las <strong>v\u00edas de ferrocarril<\/strong>, de los <strong data-start=\"497\" data-end=\"512\">cursos de agua<\/strong>, de las <strong data-start=\"518\" data-end=\"532\">autopistas<\/strong> o cerca de las <strong data-start=\"545\" data-end=\"567\">l\u00edneas el\u00e9ctricas<\/strong>, aseguramos intervenciones espec\u00edficas para <strong data-start=\"614\" data-end=\"638\">proteger a los usuarios<\/strong> y las infraestructuras contra los riesgos naturales o accidentales.<\/p>\t\t\t\t\t\t\t\t<\/div>\n\t\t\t\t<\/div>\n\t\t<div class=\"elementor-element elementor-element-b90d8fa e-con-full e-flex e-con e-child\" data-id=\"b90d8fa\" data-element_type=\"container\" data-settings=\"{&quot;jet_parallax_layout_list&quot;:[]}\">\n\t\t\t\t<div class=\"elementor-element elementor-element-df818c6 elementor-invisible elementor-widget elementor-widget-button\" data-id=\"df818c6\" data-element_type=\"widget\" data-settings=\"{&quot;_animation&quot;:&quot;fadeInUp&quot;}\" data-widget_type=\"button.default\">\n\t\t\t\t<div class=\"elementor-widget-container\">\n\t\t\t\t\t\t\t\t\t<div class=\"elementor-button-wrapper\">\n\t\t\t\t\t<a class=\"elementor-button elementor-button-link elementor-size-sm elementor-animation-grow\" href=\"https:\/\/amtp.ad\/es\/pongase-en-contacto-con\/\">\n\t\t\t\t\t\t<span class=\"elementor-button-content-wrapper\">\n\t\t\t\t\t\t\t\t\t<span class=\"elementor-button-text\">Cont\u00e1ctanos<\/span>\n\t\t\t\t\t<\/span>\n\t\t\t\t\t<\/a>\n\t\t\t\t<\/div>\n\t\t\t\t\t\t\t\t<\/div>\n\t\t\t\t<\/div>\n\t\t\t\t<div class=\"elementor-element elementor-element-6976cc1 elementor-invisible elementor-widget elementor-widget-button\" data-id=\"6976cc1\" data-element_type=\"widget\" data-settings=\"{&quot;_animation&quot;:&quot;fadeInUp&quot;}\" data-widget_type=\"button.default\">\n\t\t\t\t<div class=\"elementor-widget-container\">\n\t\t\t\t\t\t\t\t\t<div class=\"elementor-button-wrapper\">\n\t\t\t\t\t<a class=\"elementor-button elementor-button-link elementor-size-sm elementor-animation-grow\" href=\"tel:376630049\">\n\t\t\t\t\t\t<span class=\"elementor-button-content-wrapper\">\n\t\t\t\t\t\t\t\t\t<span class=\"elementor-button-text\">+376 630 049<\/span>\n\t\t\t\t\t<\/span>\n\t\t\t\t\t<\/a>\n\t\t\t\t<\/div>\n\t\t\t\t\t\t\t\t<\/div>\n\t\t\t\t<\/div>\n\t\t\t\t<\/div>\n\t\t\t\t<\/div>\n\t\t\t\t\t<\/div>\n\t\t\t\t<\/div>\n\t\t<div class=\"elementor-element elementor-element-8f2b9d8 e-flex e-con-boxed e-con e-parent\" data-id=\"8f2b9d8\" data-element_type=\"container\" data-settings=\"{&quot;motion_fx_motion_fx_scrolling&quot;:&quot;yes&quot;,&quot;motion_fx_opacity_effect&quot;:&quot;yes&quot;,&quot;motion_fx_opacity_range&quot;:{&quot;unit&quot;:&quot;%&quot;,&quot;size&quot;:&quot;&quot;,&quot;sizes&quot;:{&quot;start&quot;:14,&quot;end&quot;:19}},&quot;jet_parallax_layout_list&quot;:[],&quot;motion_fx_opacity_direction&quot;:&quot;out-in&quot;,&quot;motion_fx_opacity_level&quot;:{&quot;unit&quot;:&quot;px&quot;,&quot;size&quot;:10,&quot;sizes&quot;:[]},&quot;motion_fx_devices&quot;:[&quot;desktop&quot;,&quot;tablet&quot;,&quot;mobile&quot;]}\">\n\t\t\t\t\t<div class=\"e-con-inner\">\n\t\t\t\t<div class=\"elementor-element elementor-element-3a4baa6 elementor-align-center elementor-icon-list--layout-traditional elementor-list-item-link-full_width elementor-invisible elementor-widget elementor-widget-icon-list\" data-id=\"3a4baa6\" data-element_type=\"widget\" data-settings=\"{&quot;_animation&quot;:&quot;fadeInUp&quot;}\" data-widget_type=\"icon-list.default\">\n\t\t\t\t<div class=\"elementor-widget-container\">\n\t\t\t\t\t\t\t<ul class=\"elementor-icon-list-items\">\n\t\t\t\t\t\t\t<li class=\"elementor-icon-list-item\">\n\t\t\t\t\t\t\t\t\t\t\t<span class=\"elementor-icon-list-icon\">\n\t\t\t\t\t\t\t<svg aria-hidden=\"true\" class=\"e-font-icon-svg e-fas-hard-hat\" viewBox=\"0 0 512 512\" xmlns=\"http:\/\/www.w3.org\/2000\/svg\"><path d=\"M480 288c0-80.25-49.28-148.92-119.19-177.62L320 192V80a16 16 0 0 0-16-16h-96a16 16 0 0 0-16 16v112l-40.81-81.62C81.28 139.08 32 207.75 32 288v64h448zm16 96H16a16 16 0 0 0-16 16v32a16 16 0 0 0 16 16h480a16 16 0 0 0 16-16v-32a16 16 0 0 0-16-16z\"><\/path><\/svg>\t\t\t\t\t\t<\/span>\n\t\t\t\t\t\t\t\t\t\t<span class=\"elementor-icon-list-text\">El socio para sus trabajos de segurizaci\u00f3n<\/span>\n\t\t\t\t\t\t\t\t\t<\/li>\n\t\t\t\t\t\t<\/ul>\n\t\t\t\t\t\t<\/div>\n\t\t\t\t<\/div>\n\t\t\t\t<div class=\"elementor-element elementor-element-35e6ff0 elementor-widget__width-initial elementor-widget elementor-widget-image\" data-id=\"35e6ff0\" data-element_type=\"widget\" data-widget_type=\"image.default\">\n\t\t\t\t<div class=\"elementor-widget-container\">\n\t\t\t\t\t\t\t\t\t\t\t\t\t\t\t<img alt=\"\" fetchpriority=\"high\" decoding=\"async\" width=\"1792\" height=\"1054\" src=\"https:\/\/amtp.ad\/wp-content\/uploads\/2025\/04\/Engins-AMTP-1.png\" class=\"attachment-full size-full wp-image-2112\" alt=\"\" srcset=\"https:\/\/amtp.ad\/wp-content\/uploads\/2025\/04\/Engins-AMTP-1.png 1792w, https:\/\/amtp.ad\/wp-content\/uploads\/2025\/04\/Engins-AMTP-1-300x176.png 300w, https:\/\/amtp.ad\/wp-content\/uploads\/2025\/04\/Engins-AMTP-1-1024x602.png 1024w, https:\/\/amtp.ad\/wp-content\/uploads\/2025\/04\/Engins-AMTP-1-768x452.png 768w, https:\/\/amtp.ad\/wp-content\/uploads\/2025\/04\/Engins-AMTP-1-1536x903.png 1536w\" sizes=\"(max-width: 1792px) 100vw, 1792px\" \/>\t\t\t\t\t\t\t\t\t\t\t\t\t\t\t<\/div>\n\t\t\t\t<\/div>\n\t\t\t\t<div class=\"elementor-element elementor-element-1d71542 elementor-invisible elementor-widget elementor-widget-heading\" data-id=\"1d71542\" data-element_type=\"widget\" data-settings=\"{&quot;_animation&quot;:&quot;fadeInUp&quot;}\" data-widget_type=\"heading.default\">\n\t\t\t\t<div class=\"elementor-widget-container\">\n\t\t\t\t\t<h4 class=\"elementor-heading-title elementor-size-default\">Gracias a nuestra experiencia en maquinaria especializada y a nuestra capacidad para trabajar en zonas de dif\u00edcil acceso, podemos garantizar una seguridad \u00f3ptima, al tiempo que cumplimos las normas y protegemos el medio ambiente.<\/h4>\t\t\t\t<\/div>\n\t\t\t\t<\/div>\n\t\t\t\t<div class=\"elementor-element elementor-element-bbae1b2 elementor-widget__width-initial elementor-widget elementor-widget-image\" data-id=\"bbae1b2\" data-element_type=\"widget\" data-settings=\"{&quot;motion_fx_motion_fx_scrolling&quot;:&quot;yes&quot;,&quot;motion_fx_devices&quot;:[&quot;desktop&quot;,&quot;tablet&quot;,&quot;mobile&quot;]}\" data-widget_type=\"image.default\">\n\t\t\t\t<div class=\"elementor-widget-container\">\n\t\t\t\t\t\t\t\t\t\t\t\t\t\t\t<img decoding=\"async\" width=\"1792\" height=\"1054\" src=\"https:\/\/amtp.ad\/wp-content\/uploads\/2025\/04\/Engins-AMTP-1-1.png\" class=\"attachment-full size-full wp-image-2115\" alt=\"Engins AMTP, Pelle Araign\u00e9e\" srcset=\"https:\/\/amtp.ad\/wp-content\/uploads\/2025\/04\/Engins-AMTP-1-1.png 1792w, https:\/\/amtp.ad\/wp-content\/uploads\/2025\/04\/Engins-AMTP-1-1-300x176.png 300w, https:\/\/amtp.ad\/wp-content\/uploads\/2025\/04\/Engins-AMTP-1-1-1024x602.png 1024w, https:\/\/amtp.ad\/wp-content\/uploads\/2025\/04\/Engins-AMTP-1-1-768x452.png 768w, https:\/\/amtp.ad\/wp-content\/uploads\/2025\/04\/Engins-AMTP-1-1-1536x903.png 1536w\" sizes=\"(max-width: 1792px) 100vw, 1792px\" \/>\t\t\t\t\t\t\t\t\t\t\t\t\t\t\t<\/div>\n\t\t\t\t<\/div>\n\t\t\t\t\t<\/div>\n\t\t\t\t<\/div>\n\t\t<div class=\"elementor-element elementor-element-ed46633 e-flex e-con-boxed e-con e-parent\" data-id=\"ed46633\" data-element_type=\"container\" data-settings=\"{&quot;jet_parallax_layout_list&quot;:[]}\">\n\t\t\t\t\t<div class=\"e-con-inner\">\n\t\t\t\t<div class=\"elementor-element elementor-element-1dec85a elementor-align-center elementor-icon-list--layout-traditional elementor-list-item-link-full_width elementor-invisible elementor-widget elementor-widget-icon-list\" data-id=\"1dec85a\" data-element_type=\"widget\" data-settings=\"{&quot;_animation&quot;:&quot;fadeInUp&quot;}\" data-widget_type=\"icon-list.default\">\n\t\t\t\t<div class=\"elementor-widget-container\">\n\t\t\t\t\t\t\t<ul class=\"elementor-icon-list-items\">\n\t\t\t\t\t\t\t<li class=\"elementor-icon-list-item\">\n\t\t\t\t\t\t\t\t\t\t\t<span class=\"elementor-icon-list-icon\">\n\t\t\t\t\t\t\t<svg aria-hidden=\"true\" class=\"e-font-icon-svg e-fas-hard-hat\" viewBox=\"0 0 512 512\" xmlns=\"http:\/\/www.w3.org\/2000\/svg\"><path d=\"M480 288c0-80.25-49.28-148.92-119.19-177.62L320 192V80a16 16 0 0 0-16-16h-96a16 16 0 0 0-16 16v112l-40.81-81.62C81.28 139.08 32 207.75 32 288v64h448zm16 96H16a16 16 0 0 0-16 16v32a16 16 0 0 0 16 16h480a16 16 0 0 0 16-16v-32a16 16 0 0 0-16-16z\"><\/path><\/svg>\t\t\t\t\t\t<\/span>\n\t\t\t\t\t\t\t\t\t\t<span class=\"elementor-icon-list-text\">Nuestros servicios<\/span>\n\t\t\t\t\t\t\t\t\t<\/li>\n\t\t\t\t\t\t<\/ul>\n\t\t\t\t\t\t<\/div>\n\t\t\t\t<\/div>\n\t\t<div class=\"elementor-element elementor-element-9842e6d e-con-full e-flex e-con e-child\" data-id=\"9842e6d\" data-element_type=\"container\" data-settings=\"{&quot;jet_parallax_layout_list&quot;:[]}\">\n\t\t\t\t<div class=\"elementor-element elementor-element-1e8f733 elementor-widget elementor-widget-jet-listing-grid\" data-id=\"1e8f733\" data-element_type=\"widget\" data-settings=\"{&quot;columns&quot;:3,&quot;columns_tablet&quot;:&quot;2&quot;,&quot;columns_mobile&quot;:&quot;1&quot;}\" data-widget_type=\"jet-listing-grid.default\">\n\t\t\t\t<div class=\"elementor-widget-container\">\n\t\t\t\t\t<div class=\"jet-listing-grid jet-listing\"><div class=\"jet-listing-not-found jet-listing-grid__items\" data-nav=\"{&quot;enabled&quot;:true,&quot;type&quot;:&quot;scroll&quot;,&quot;more_el&quot;:null,&quot;query&quot;:{&quot;post_status&quot;:[&quot;publish&quot;],&quot;post_type&quot;:&quot;nos-activites&quot;,&quot;posts_per_page&quot;:&quot;8&quot;,&quot;paged&quot;:&quot;1&quot;,&quot;ignore_sticky_posts&quot;:&quot;1&quot;,&quot;tax_query&quot;:[{&quot;taxonomy&quot;:&quot;categories-activites&quot;,&quot;field&quot;:&quot;name&quot;,&quot;terms&quot;:[&quot;Travaux de s\\u00e9curisation&quot;],&quot;operator&quot;:&quot;IN&quot;}],&quot;suppress_filters&quot;:false,&quot;jet_smart_filters&quot;:&quot;jet-engine\\\/default&quot;,&quot;signature&quot;:&quot;9ebe30a3851294a94e5372129d89df5da176c3229f606f93f5f1adb419002d28&quot;},&quot;widget_settings&quot;:{&quot;lisitng_id&quot;:541,&quot;posts_num&quot;:8,&quot;columns&quot;:3,&quot;columns_tablet&quot;:2,&quot;columns_mobile&quot;:1,&quot;column_min_width&quot;:240,&quot;column_min_width_tablet&quot;:240,&quot;column_min_width_mobile&quot;:240,&quot;inline_columns_css&quot;:false,&quot;is_archive_template&quot;:&quot;&quot;,&quot;post_status&quot;:[&quot;publish&quot;],&quot;use_random_posts_num&quot;:&quot;&quot;,&quot;max_posts_num&quot;:9,&quot;not_found_message&quot;:&quot;No se han encontrado datos&quot;,&quot;is_masonry&quot;:false,&quot;equal_columns_height&quot;:&quot;yes&quot;,&quot;use_load_more&quot;:&quot;yes&quot;,&quot;load_more_id&quot;:&quot;&quot;,&quot;load_more_type&quot;:&quot;scroll&quot;,&quot;load_more_offset&quot;:{&quot;unit&quot;:&quot;px&quot;,&quot;size&quot;:0,&quot;sizes&quot;:[]},&quot;use_custom_post_types&quot;:&quot;&quot;,&quot;custom_post_types&quot;:[],&quot;hide_widget_if&quot;:&quot;&quot;,&quot;carousel_enabled&quot;:&quot;&quot;,&quot;slides_to_scroll&quot;:&quot;1&quot;,&quot;arrows&quot;:&quot;true&quot;,&quot;arrow_icon&quot;:&quot;fa fa-angle-left&quot;,&quot;dots&quot;:&quot;&quot;,&quot;autoplay&quot;:&quot;true&quot;,&quot;pause_on_hover&quot;:&quot;true&quot;,&quot;autoplay_speed&quot;:5000,&quot;infinite&quot;:&quot;true&quot;,&quot;center_mode&quot;:&quot;&quot;,&quot;effect&quot;:&quot;slide&quot;,&quot;speed&quot;:500,&quot;inject_alternative_items&quot;:&quot;&quot;,&quot;injection_items&quot;:[],&quot;scroll_slider_enabled&quot;:&quot;&quot;,&quot;scroll_slider_on&quot;:[&quot;desktop&quot;,&quot;tablet&quot;,&quot;mobile&quot;],&quot;custom_query&quot;:false,&quot;custom_query_id&quot;:&quot;&quot;,&quot;_element_id&quot;:&quot;&quot;,&quot;collapse_first_last_gap&quot;:false,&quot;list_tag_selection&quot;:&quot;&quot;,&quot;list_items_wrapper_tag&quot;:&quot;div&quot;,&quot;list_item_tag&quot;:&quot;div&quot;,&quot;empty_items_wrapper_tag&quot;:&quot;div&quot;}}\" data-listing-source=\"posts\" data-listing-id=\"541\" data-query-id=\"\" data-queried-id=\"2805|WP_Post\">No se han encontrado datos<\/div><\/div>\t\t\t\t<\/div>\n\t\t\t\t<\/div>\n\t\t\t\t<\/div>\n\t\t\t\t\t<\/div>\n\t\t\t\t<\/div>\n\t\t<div class=\"elementor-element elementor-element-2aa64ec e-flex e-con-boxed e-con e-parent\" data-id=\"2aa64ec\" data-element_type=\"container\" data-settings=\"{&quot;jet_parallax_layout_list&quot;:[]}\">\n\t\t\t\t\t<div class=\"e-con-inner\">\n\t\t\t\t<div class=\"elementor-element elementor-element-8665952 elementor-widget elementor-widget-template\" data-id=\"8665952\" data-element_type=\"widget\" data-widget_type=\"template.default\">\n\t\t\t\t<div class=\"elementor-widget-container\">\n\t\t\t\t\t\t\t<div class=\"elementor-template\">\n\t\t\t\t\t<div data-elementor-type=\"section\" data-elementor-id=\"2869\" class=\"elementor elementor-2869 elementor-1487\" data-elementor-post-type=\"elementor_library\">\n\t\t\t<div class=\"elementor-element elementor-element-d30170c e-flex e-con-boxed e-con e-parent\" data-id=\"d30170c\" data-element_type=\"container\" data-settings=\"{&quot;jet_parallax_layout_list&quot;:[]}\">\n\t\t\t\t\t<div class=\"e-con-inner\">\n\t\t<div class=\"elementor-element elementor-element-fa52a75 e-flex e-con-boxed e-con e-child\" data-id=\"fa52a75\" data-element_type=\"container\" data-settings=\"{&quot;background_background&quot;:&quot;gradient&quot;,&quot;jet_parallax_layout_list&quot;:[]}\">\n\t\t\t\t\t<div class=\"e-con-inner\">\n\t\t\t\t<div class=\"elementor-element elementor-element-64efe29 elementor-align-center elementor-icon-list--layout-traditional elementor-list-item-link-full_width elementor-invisible elementor-widget elementor-widget-icon-list\" data-id=\"64efe29\" data-element_type=\"widget\" data-settings=\"{&quot;_animation&quot;:&quot;fadeInUp&quot;}\" data-widget_type=\"icon-list.default\">\n\t\t\t\t<div class=\"elementor-widget-container\">\n\t\t\t\t\t\t\t<ul class=\"elementor-icon-list-items\">\n\t\t\t\t\t\t\t<li class=\"elementor-icon-list-item\">\n\t\t\t\t\t\t\t\t\t\t\t<span class=\"elementor-icon-list-icon\">\n\t\t\t\t\t\t\t<svg aria-hidden=\"true\" class=\"e-font-icon-svg e-fas-pen-alt\" viewBox=\"0 0 512 512\" xmlns=\"http:\/\/www.w3.org\/2000\/svg\"><path d=\"M497.94 74.17l-60.11-60.11c-18.75-18.75-49.16-18.75-67.91 0l-56.55 56.55 128.02 128.02 56.55-56.55c18.75-18.75 18.75-49.15 0-67.91zm-246.8-20.53c-15.62-15.62-40.94-15.62-56.56 0L75.8 172.43c-6.25 6.25-6.25 16.38 0 22.62l22.63 22.63c6.25 6.25 16.38 6.25 22.63 0l101.82-101.82 22.63 22.62L93.95 290.03A327.038 327.038 0 0 0 .17 485.11l-.03.23c-1.7 15.28 11.21 28.2 26.49 26.51a327.02 327.02 0 0 0 195.34-93.8l196.79-196.79-82.77-82.77-84.85-84.85z\"><\/path><\/svg>\t\t\t\t\t\t<\/span>\n\t\t\t\t\t\t\t\t\t\t<span class=\"elementor-icon-list-text\">P\u00f3ngase en contacto<\/span>\n\t\t\t\t\t\t\t\t\t<\/li>\n\t\t\t\t\t\t<\/ul>\n\t\t\t\t\t\t<\/div>\n\t\t\t\t<\/div>\n\t\t<div class=\"elementor-element elementor-element-1185751 e-con-full e-flex e-con e-child\" data-id=\"1185751\" data-element_type=\"container\" data-settings=\"{&quot;jet_parallax_layout_list&quot;:[]}\">\n\t\t\t\t<div class=\"elementor-element elementor-element-3e18d09 elementor-invisible elementor-widget elementor-widget-heading\" data-id=\"3e18d09\" data-element_type=\"widget\" data-settings=\"{&quot;_animation&quot;:&quot;fadeInUp&quot;}\" data-widget_type=\"heading.default\">\n\t\t\t\t<div class=\"elementor-widget-container\">\n\t\t\t\t\t<h2 class=\"elementor-heading-title elementor-size-default\">\u00bfTiene un proyecto <br>o una urgencia?<\/h2>\t\t\t\t<\/div>\n\t\t\t\t<\/div>\n\t\t\t\t<div class=\"elementor-element elementor-element-3031e56 elementor-widget elementor-widget-image\" data-id=\"3031e56\" data-element_type=\"widget\" data-widget_type=\"image.default\">\n\t\t\t\t<div class=\"elementor-widget-container\">\n\t\t\t\t\t\t\t\t\t\t\t\t\t\t\t<img alt=\"\" decoding=\"async\" width=\"1181\" height=\"894\" src=\"https:\/\/amtp.ad\/wp-content\/uploads\/2025\/04\/urgence2.png\" class=\"attachment-full size-full wp-image-2127\" alt=\"\" srcset=\"https:\/\/amtp.ad\/wp-content\/uploads\/2025\/04\/urgence2.png 1181w, https:\/\/amtp.ad\/wp-content\/uploads\/2025\/04\/urgence2-300x227.png 300w, https:\/\/amtp.ad\/wp-content\/uploads\/2025\/04\/urgence2-1024x775.png 1024w, https:\/\/amtp.ad\/wp-content\/uploads\/2025\/04\/urgence2-768x581.png 768w\" sizes=\"(max-width: 1181px) 100vw, 1181px\" \/>\t\t\t\t\t\t\t\t\t\t\t\t\t\t\t<\/div>\n\t\t\t\t<\/div>\n\t\t\t\t<div class=\"elementor-element elementor-element-2728781 elementor-invisible elementor-widget elementor-widget-image\" data-id=\"2728781\" data-element_type=\"widget\" data-settings=\"{&quot;_animation&quot;:&quot;fadeInUp&quot;}\" data-widget_type=\"image.default\">\n\t\t\t\t<div class=\"elementor-widget-container\">\n\t\t\t\t\t\t\t\t\t\t\t\t\t\t\t<img alt=\"\" loading=\"lazy\" decoding=\"async\" width=\"1920\" height=\"2560\" src=\"https:\/\/amtp.ad\/wp-content\/uploads\/2025\/04\/Paysage-portait-AMTP-Treballs-especials15-scaled.jpg\" class=\"attachment-full size-full wp-image-2070\" alt=\"\" srcset=\"https:\/\/amtp.ad\/wp-content\/uploads\/2025\/04\/Paysage-portait-AMTP-Treballs-especials15-scaled.jpg 1920w, https:\/\/amtp.ad\/wp-content\/uploads\/2025\/04\/Paysage-portait-AMTP-Treballs-especials15-225x300.jpg 225w, https:\/\/amtp.ad\/wp-content\/uploads\/2025\/04\/Paysage-portait-AMTP-Treballs-especials15-768x1024.jpg 768w, https:\/\/amtp.ad\/wp-content\/uploads\/2025\/04\/Paysage-portait-AMTP-Treballs-especials15-1152x1536.jpg 1152w, https:\/\/amtp.ad\/wp-content\/uploads\/2025\/04\/Paysage-portait-AMTP-Treballs-especials15-1536x2048.jpg 1536w\" sizes=\"(max-width: 1920px) 100vw, 1920px\" \/>\t\t\t\t\t\t\t\t\t\t\t\t\t\t\t<\/div>\n\t\t\t\t<\/div>\n\t\t\t\t<\/div>\n\t\t\t\t<div class=\"elementor-element elementor-element-e3ebe5d elementor-align-center elementor-invisible elementor-widget elementor-widget-button\" data-id=\"e3ebe5d\" data-element_type=\"widget\" data-settings=\"{&quot;_animation&quot;:&quot;fadeInUp&quot;}\" data-widget_type=\"button.default\">\n\t\t\t\t<div class=\"elementor-widget-container\">\n\t\t\t\t\t\t\t\t\t<div class=\"elementor-button-wrapper\">\n\t\t\t\t\t<a class=\"elementor-button elementor-button-link elementor-size-sm\" href=\"https:\/\/amtp.ad\/es\/pongase-en-contacto-con\/\">\n\t\t\t\t\t\t<span class=\"elementor-button-content-wrapper\">\n\t\t\t\t\t\t\t\t\t<span class=\"elementor-button-text\">Cont\u00e1ctanos<\/span>\n\t\t\t\t\t<\/span>\n\t\t\t\t\t<\/a>\n\t\t\t\t<\/div>\n\t\t\t\t\t\t\t\t<\/div>\n\t\t\t\t<\/div>\n\t\t\t\t\t<\/div>\n\t\t\t\t<\/div>\n\t\t\t\t\t<\/div>\n\t\t\t\t<\/div>\n\t\t\t\t<\/div>\n\t\t\t\t<\/div>\n\t\t\t\t\t\t<\/div>\n\t\t\t\t<\/div>\n\t\t\t\t\t<\/div>\n\t\t\t\t<\/div>\n\t\t\t\t<\/div>\n\t\t","protected":false},"excerpt":{"rendered":"<p>Las excavadoras ara\u00f1a, asociadas al saber hacer de nuestro equipo, permiten asegurar eficazmente zonas sensibles, incluso en los entornos m\u00e1s complejos. Ya sea en canteras, en bordes de carreteras, en taludes, a lo largo de las v\u00edas de ferrocarril, de los cursos de agua, de las autopistas o cerca de las l\u00edneas el\u00e9ctricas, aseguramos intervenciones [&hellip;]<\/p>\n","protected":false},"author":2,"featured_media":0,"parent":2830,"menu_order":0,"comment_status":"closed","ping_status":"closed","template":"","meta":{"_seopress_robots_primary_cat":"","_seopress_titles_title":"","_seopress_titles_desc":"","_seopress_robots_index":"","footnotes":""},"class_list":["post-2805","page","type-page","status-publish","hentry"],"_links":{"self":[{"href":"https:\/\/amtp.ad\/es\/wp-json\/wp\/v2\/pages\/2805","targetHints":{"allow":["GET"]}}],"collection":[{"href":"https:\/\/amtp.ad\/es\/wp-json\/wp\/v2\/pages"}],"about":[{"href":"https:\/\/amtp.ad\/es\/wp-json\/wp\/v2\/types\/page"}],"author":[{"embeddable":true,"href":"https:\/\/amtp.ad\/es\/wp-json\/wp\/v2\/users\/2"}],"replies":[{"embeddable":true,"href":"https:\/\/amtp.ad\/es\/wp-json\/wp\/v2\/comments?post=2805"}],"version-history":[{"count":8,"href":"https:\/\/amtp.ad\/es\/wp-json\/wp\/v2\/pages\/2805\/revisions"}],"predecessor-version":[{"id":5093,"href":"https:\/\/amtp.ad\/es\/wp-json\/wp\/v2\/pages\/2805\/revisions\/5093"}],"up":[{"embeddable":true,"href":"https:\/\/amtp.ad\/es\/wp-json\/wp\/v2\/pages\/2830"}],"wp:attachment":[{"href":"https:\/\/amtp.ad\/es\/wp-json\/wp\/v2\/media?parent=2805"}],"curies":[{"name":"wp","href":"https:\/\/api.w.org\/{rel}","templated":true}]}}